{"id":4784,"date":"2022-06-13T21:31:22","date_gmt":"2022-06-13T21:31:22","guid":{"rendered":"https:\/\/machmakerdr.saturncube.com\/installations\/"},"modified":"2022-12-14T12:33:56","modified_gmt":"2022-12-14T12:33:56","slug":"installations","status":"publish","type":"page","link":"https:\/\/www.machmakerdr.com\/fr\/installations\/","title":{"rendered":"Installations"},"content":{"rendered":"\t\t<div data-elementor-type=\"wp-page\" data-elementor-id=\"4784\" class=\"elementor elementor-4784 elementor-559\">\n\t\t\t\t\t\t<section class=\"elementor-section elementor-top-section elementor-element elementor-element-3476736 elementor-section-full_width elementor-section-height-default elementor-section-height-default\" data-id=\"3476736\" data-element_type=\"section\" data-settings=\"{&quot;background_background&quot;:&quot;slideshow&quot;,&quot;background_slideshow_gallery&quot;:[{&quot;id&quot;:1595,&quot;url&quot;:&quot;https:\\\/\\\/machmakerdr.saturncube.com\\\/wp-content\\\/uploads\\\/2022\\\/06\\\/ESTAMOS-DE-LA-MANO-CONTIGO-EN-CADA-ETAPA-DE-TU-PROYECTO-11.jpg&quot;}],&quot;background_slideshow_loop&quot;:&quot;yes&quot;,&quot;background_slideshow_slide_duration&quot;:5000,&quot;background_slideshow_slide_transition&quot;:&quot;fade&quot;,&quot;background_slideshow_transition_duration&quot;:500}\">\n\t\t\t\t\t\t<div class=\"elementor-container elementor-column-gap-default\">\n\t\t\t\t\t<div class=\"elementor-column elementor-col-100 elementor-top-column elementor-element elementor-element-789e46c\" data-id=\"789e46c\" data-element_type=\"column\">\n\t\t\t<div class=\"elementor-widget-wrap elementor-element-populated\">\n\t\t\t\t\t\t<div class=\"elementor-element elementor-element-923447b elementor-widget elementor-widget-heading\" data-id=\"923447b\" data-element_type=\"widget\" data-widget_type=\"heading.default\">\n\t\t\t\t<div class=\"elementor-widget-container\">\n\t\t\t\t\t<h2 class=\"elementor-heading-title elementor-size-default\">FACILIT\u00c9S<\/h2>\t\t\t\t<\/div>\n\t\t\t\t<\/div>\n\t\t\t\t\t<\/div>\n\t\t<\/div>\n\t\t\t\t\t<\/div>\n\t\t<\/section>\n\t\t\t\t<section class=\"elementor-section elementor-top-section elementor-element elementor-element-02d6f48 elementor-section-content-middle elementor-section-boxed elementor-section-height-default elementor-section-height-default\" data-id=\"02d6f48\" data-element_type=\"section\" data-settings=\"{&quot;background_background&quot;:&quot;classic&quot;}\">\n\t\t\t\t\t\t<div class=\"elementor-container elementor-column-gap-no\">\n\t\t\t\t\t<div class=\"elementor-column elementor-col-100 elementor-top-column elementor-element elementor-element-47dcc08\" data-id=\"47dcc08\" data-element_type=\"column\">\n\t\t\t<div class=\"elementor-widget-wrap elementor-element-populated\">\n\t\t\t\t\t\t<div class=\"elementor-element elementor-element-55582c2 elementor-widget elementor-widget-heading\" data-id=\"55582c2\" data-element_type=\"widget\" data-widget_type=\"heading.default\">\n\t\t\t\t<div class=\"elementor-widget-container\">\n\t\t\t\t\t<p class=\"elementor-heading-title elementor-size-default\">Quel que soit votre besoin, nous le r\u00e9solvons<\/p>\t\t\t\t<\/div>\n\t\t\t\t<\/div>\n\t\t\t\t<div class=\"elementor-element elementor-element-115cbe0 elementor-widget elementor-widget-heading\" data-id=\"115cbe0\" data-element_type=\"widget\" data-widget_type=\"heading.default\">\n\t\t\t\t<div class=\"elementor-widget-container\">\n\t\t\t\t\t<h5 class=\"elementor-heading-title elementor-size-default\">Nous sommes heureux de vous aider pour tout probl\u00e8me ou besoin que vous pourriez avoir. Il vous manque une \u00e9chelle, une pi\u00e8ce ou une machine ? Contactez-nous et nous nous chargerons de l'organiser pour vous.<\/h5>\t\t\t\t<\/div>\n\t\t\t\t<\/div>\n\t\t\t\t\t<\/div>\n\t\t<\/div>\n\t\t\t\t\t<\/div>\n\t\t<\/section>\n\t\t\t\t<section class=\"elementor-section elementor-top-section elementor-element elementor-element-c104a49 elementor-section-boxed elementor-section-height-default elementor-section-height-default\" data-id=\"c104a49\" data-element_type=\"section\" data-settings=\"{&quot;background_background&quot;:&quot;gradient&quot;}\">\n\t\t\t\t\t\t<div class=\"elementor-container elementor-column-gap-default\">\n\t\t\t\t\t<div class=\"elementor-column elementor-col-100 elementor-top-column elementor-element elementor-element-04b9895\" data-id=\"04b9895\" data-element_type=\"column\" data-settings=\"{&quot;background_background&quot;:&quot;classic&quot;}\">\n\t\t\t<div class=\"elementor-widget-wrap elementor-element-populated\">\n\t\t\t\t\t\t<section class=\"elementor-section elementor-inner-section elementor-element elementor-element-4b79b31 elementor-section-content-middle elementor-section-boxed elementor-section-height-default elementor-section-height-default\" data-id=\"4b79b31\" data-element_type=\"section\">\n\t\t\t\t\t\t<div class=\"elementor-container elementor-column-gap-default\">\n\t\t\t\t\t<div class=\"elementor-column elementor-col-50 elementor-inner-column elementor-element elementor-element-0051649\" data-id=\"0051649\" data-element_type=\"column\">\n\t\t\t<div class=\"elementor-widget-wrap elementor-element-populated\">\n\t\t\t\t\t\t<div class=\"elementor-element elementor-element-44e91e1 elementor-widget elementor-widget-image-box\" data-id=\"44e91e1\" data-element_type=\"widget\" data-widget_type=\"image-box.default\">\n\t\t\t\t<div class=\"elementor-widget-container\">\n\t\t\t\t\t<div class=\"elementor-image-box-wrapper\"><div class=\"elementor-image-box-content\"><h2 class=\"elementor-image-box-title\">Vous avez un probl\u00e8me ?  <\/h2><p class=\"elementor-image-box-description\">Si vous avez un probl\u00e8me ou une id\u00e9e et que vous ne savez pas comment le r\u00e9soudre ou le d\u00e9velopper, demandez une visite technique et nous nous occuperons du reste.<\/p><\/div><\/div>\t\t\t\t<\/div>\n\t\t\t\t<\/div>\n\t\t\t\t<div class=\"elementor-element elementor-element-e0649d4 elementor-tablet-align-left elementor-mobile-align-center elementor-align-left elementor-widget elementor-widget-button\" data-id=\"e0649d4\" data-element_type=\"widget\" data-widget_type=\"button.default\">\n\t\t\t\t<div class=\"elementor-widget-container\">\n\t\t\t\t\t\t\t\t\t<div class=\"elementor-button-wrapper\">\n\t\t\t\t\t<a class=\"elementor-button elementor-button-link elementor-size-sm\" href=\"#\">\n\t\t\t\t\t\t<span class=\"elementor-button-content-wrapper\">\n\t\t\t\t\t\t\t\t\t<span class=\"elementor-button-text\">DEMANDER UNE VISITE SP\u00c9CIALIS\u00c9E<\/span>\n\t\t\t\t\t<\/span>\n\t\t\t\t\t<\/a>\n\t\t\t\t<\/div>\n\t\t\t\t\t\t\t\t<\/div>\n\t\t\t\t<\/div>\n\t\t\t\t\t<\/div>\n\t\t<\/div>\n\t\t\t\t<div class=\"elementor-column elementor-col-50 elementor-inner-column elementor-element elementor-element-3baa213\" data-id=\"3baa213\" data-element_type=\"column\">\n\t\t\t<div class=\"elementor-widget-wrap elementor-element-populated\">\n\t\t\t\t\t\t<div class=\"elementor-element elementor-element-00d0c7b elementor-hidden-mobile elementor-widget elementor-widget-image\" data-id=\"00d0c7b\" data-element_type=\"widget\" data-widget_type=\"image.default\">\n\t\t\t\t<div class=\"elementor-widget-container\">\n\t\t\t\t\t\t\t\t\t\t\t\t\t\t\t<img fetchpriority=\"high\" decoding=\"async\" width=\"500\" height=\"500\" src=\"https:\/\/www.machmakerdr.com\/wp-content\/uploads\/2022\/06\/Diseno-sin-titulo-41.jpg\" class=\"attachment-full size-full wp-image-1067\" alt=\"\" srcset=\"https:\/\/www.machmakerdr.com\/wp-content\/uploads\/2022\/06\/Diseno-sin-titulo-41.jpg 500w, https:\/\/www.machmakerdr.com\/wp-content\/uploads\/2022\/06\/Diseno-sin-titulo-41-300x300.jpg 300w, https:\/\/www.machmakerdr.com\/wp-content\/uploads\/2022\/06\/Diseno-sin-titulo-41-100x100.jpg 100w, https:\/\/www.machmakerdr.com\/wp-content\/uploads\/2022\/06\/Diseno-sin-titulo-41-150x150.jpg 150w\" sizes=\"(max-width: 500px) 100vw, 500px\" \/>\t\t\t\t\t\t\t\t\t\t\t\t\t\t\t<\/div>\n\t\t\t\t<\/div>\n\t\t\t\t\t<\/div>\n\t\t<\/div>\n\t\t\t\t\t<\/div>\n\t\t<\/section>\n\t\t\t\t\t<\/div>\n\t\t<\/div>\n\t\t\t\t\t<\/div>\n\t\t<\/section>\n\t\t\t\t<\/div>\n\t\t","protected":false},"excerpt":{"rendered":"<p>FACILIT\u00c9S Quel que soit votre besoin, nous le r\u00e9solvons Nous sommes heureux de vous aider pour tout probl\u00e8me ou besoin que vous pourriez avoir. Il vous manque une \u00e9chelle, une pi\u00e8ce ou une machine ? Contactez-nous et nous nous chargerons de l&#8217;organiser pour vous. Vous avez un probl\u00e8me ? Si vous avez un probl\u00e8me ou [&hellip;]<\/p>\n","protected":false},"author":1,"featured_media":0,"parent":0,"menu_order":0,"comment_status":"closed","ping_status":"closed","template":"","meta":{"site-sidebar-layout":"no-sidebar","site-content-layout":"page-builder","ast-site-content-layout":"default","site-content-style":"default","site-sidebar-style":"default","ast-global-header-display":"","ast-banner-title-visibility":"","ast-main-header-display":"","ast-hfb-above-header-display":"","ast-hfb-below-header-display":"","ast-hfb-mobile-header-display":"","site-post-title":"disabled","ast-breadcrumbs-content":"","ast-featured-img":"disabled","footer-sml-layout":"","theme-transparent-header-meta":"","adv-header-id-meta":"","stick-header-meta":"","header-above-stick-meta":"","header-main-stick-meta":"","header-below-stick-meta":"","astra-migrate-meta-layouts":"default","ast-page-background-enabled":"default","ast-page-background-meta":{"desktop":{"background-color":"var(--ast-global-color-4)","background-image":"","background-repeat":"repeat","background-position":"center center","background-size":"auto","background-attachment":"scroll","background-type":"","background-media":"","overlay-type":"","overlay-color":"","overlay-opacity":"","overlay-gradient":""},"tablet":{"background-color":"","background-image":"","background-repeat":"repeat","background-position":"center center","background-size":"auto","background-attachment":"scroll","background-type":"","background-media":"","overlay-type":"","overlay-color":"","overlay-opacity":"","overlay-gradient":""},"mobile":{"background-color":"","background-image":"","background-repeat":"repeat","background-position":"center center","background-size":"auto","background-attachment":"scroll","background-type":"","background-media":"","overlay-type":"","overlay-color":"","overlay-opacity":"","overlay-gradient":""}},"ast-content-background-meta":{"desktop":{"background-color":"var(--ast-global-color-5)","background-image":"","background-repeat":"repeat","background-position":"center center","background-size":"auto","background-attachment":"scroll","background-type":"","background-media":"","overlay-type":"","overlay-color":"","overlay-opacity":"","overlay-gradient":""},"tablet":{"background-color":"var(--ast-global-color-5)","background-image":"","background-repeat":"repeat","background-position":"center center","background-size":"auto","background-attachment":"scroll","background-type":"","background-media":"","overlay-type":"","overlay-color":"","overlay-opacity":"","overlay-gradient":""},"mobile":{"background-color":"var(--ast-global-color-5)","background-image":"","background-repeat":"repeat","background-position":"center center","background-size":"auto","background-attachment":"scroll","background-type":"","background-media":"","overlay-type":"","overlay-color":"","overlay-opacity":"","overlay-gradient":""}},"footnotes":""},"class_list":["post-4784","page","type-page","status-publish","hentry"],"yoast_head":"<!-- This site is optimized with the Yoast SEO plugin v25.5 - https:\/\/yoast.com\/wordpress\/plugins\/seo\/ -->\n<title>Installations - MachMaker<\/title>\n<meta name=\"robots\" content=\"index, follow, max-snippet:-1, max-image-preview:large, max-video-preview:-1\" \/>\n<link rel=\"canonical\" href=\"https:\/\/www.machmakerdr.com\/fr\/installations\/\" \/>\n<meta property=\"og:locale\" content=\"fr_FR\" \/>\n<meta property=\"og:type\" content=\"article\" \/>\n<meta property=\"og:title\" content=\"Installations - MachMaker\" \/>\n<meta property=\"og:description\" content=\"FACILIT\u00c9S Quel que soit votre besoin, nous le r\u00e9solvons Nous sommes heureux de vous aider pour tout probl\u00e8me ou besoin que vous pourriez avoir. Il vous manque une \u00e9chelle, une pi\u00e8ce ou une machine ? Contactez-nous et nous nous chargerons de l&#8217;organiser pour vous. Vous avez un probl\u00e8me ? Si vous avez un probl\u00e8me ou [&hellip;]\" \/>\n<meta property=\"og:url\" content=\"https:\/\/www.machmakerdr.com\/fr\/installations\/\" \/>\n<meta property=\"og:site_name\" content=\"MachMaker\" \/>\n<meta property=\"article:publisher\" content=\"https:\/\/www.facebook.com\/machmaker.dr\" \/>\n<meta property=\"article:modified_time\" content=\"2022-12-14T12:33:56+00:00\" \/>\n<meta property=\"og:image\" content=\"https:\/\/machmakerdr.saturncube.com\/wp-content\/uploads\/2022\/06\/Diseno-sin-titulo-41.jpg\" \/>\n<meta name=\"twitter:card\" content=\"summary_large_image\" \/>\n<script type=\"application\/ld+json\" class=\"yoast-schema-graph\">{\"@context\":\"https:\/\/schema.org\",\"@graph\":[{\"@type\":\"WebPage\",\"@id\":\"https:\/\/www.machmakerdr.com\/fr\/installations\/\",\"url\":\"https:\/\/www.machmakerdr.com\/fr\/installations\/\",\"name\":\"Installations - MachMaker\",\"isPartOf\":{\"@id\":\"https:\/\/www.machmakerdr.com\/fr\/#website\"},\"primaryImageOfPage\":{\"@id\":\"https:\/\/www.machmakerdr.com\/fr\/installations\/#primaryimage\"},\"image\":{\"@id\":\"https:\/\/www.machmakerdr.com\/fr\/installations\/#primaryimage\"},\"thumbnailUrl\":\"https:\/\/machmakerdr.saturncube.com\/wp-content\/uploads\/2022\/06\/Diseno-sin-titulo-41.jpg\",\"datePublished\":\"2022-06-13T21:31:22+00:00\",\"dateModified\":\"2022-12-14T12:33:56+00:00\",\"breadcrumb\":{\"@id\":\"https:\/\/www.machmakerdr.com\/fr\/installations\/#breadcrumb\"},\"inLanguage\":\"fr-FR\",\"potentialAction\":[{\"@type\":\"ReadAction\",\"target\":[\"https:\/\/www.machmakerdr.com\/fr\/installations\/\"]}]},{\"@type\":\"ImageObject\",\"inLanguage\":\"fr-FR\",\"@id\":\"https:\/\/www.machmakerdr.com\/fr\/installations\/#primaryimage\",\"url\":\"https:\/\/machmakerdr.saturncube.com\/wp-content\/uploads\/2022\/06\/Diseno-sin-titulo-41.jpg\",\"contentUrl\":\"https:\/\/machmakerdr.saturncube.com\/wp-content\/uploads\/2022\/06\/Diseno-sin-titulo-41.jpg\"},{\"@type\":\"BreadcrumbList\",\"@id\":\"https:\/\/www.machmakerdr.com\/fr\/installations\/#breadcrumb\",\"itemListElement\":[{\"@type\":\"ListItem\",\"position\":1,\"name\":\"Portada\",\"item\":\"https:\/\/www.machmakerdr.com\/fr\/\"},{\"@type\":\"ListItem\",\"position\":2,\"name\":\"Installations\"}]},{\"@type\":\"WebSite\",\"@id\":\"https:\/\/www.machmakerdr.com\/fr\/#website\",\"url\":\"https:\/\/www.machmakerdr.com\/fr\/\",\"name\":\"MachMaker\",\"description\":\"Services industriels\",\"publisher\":{\"@id\":\"https:\/\/www.machmakerdr.com\/fr\/#organization\"},\"potentialAction\":[{\"@type\":\"SearchAction\",\"target\":{\"@type\":\"EntryPoint\",\"urlTemplate\":\"https:\/\/www.machmakerdr.com\/fr\/?s={search_term_string}\"},\"query-input\":{\"@type\":\"PropertyValueSpecification\",\"valueRequired\":true,\"valueName\":\"search_term_string\"}}],\"inLanguage\":\"fr-FR\"},{\"@type\":\"Organization\",\"@id\":\"https:\/\/www.machmakerdr.com\/fr\/#organization\",\"name\":\"MachMaker\",\"url\":\"https:\/\/www.machmakerdr.com\/fr\/\",\"logo\":{\"@type\":\"ImageObject\",\"inLanguage\":\"fr-FR\",\"@id\":\"https:\/\/www.machmakerdr.com\/fr\/#\/schema\/logo\/image\/\",\"url\":\"https:\/\/www.machmakerdr.com\/wp-content\/uploads\/2020\/02\/Machmaker-Logo-horizontal_Mesa-de-trabajo-1-copia.png\",\"contentUrl\":\"https:\/\/www.machmakerdr.com\/wp-content\/uploads\/2020\/02\/Machmaker-Logo-horizontal_Mesa-de-trabajo-1-copia.png\",\"width\":3300,\"height\":884,\"caption\":\"MachMaker\"},\"image\":{\"@id\":\"https:\/\/www.machmakerdr.com\/fr\/#\/schema\/logo\/image\/\"},\"sameAs\":[\"https:\/\/www.facebook.com\/machmaker.dr\",\"https:\/\/www.instagram.com\/machmaker.dr\/\"]}]}<\/script>\n<!-- \/ Yoast SEO plugin. -->","yoast_head_json":{"title":"Installations - MachMaker","robots":{"index":"index","follow":"follow","max-snippet":"max-snippet:-1","max-image-preview":"max-image-preview:large","max-video-preview":"max-video-preview:-1"},"canonical":"https:\/\/www.machmakerdr.com\/fr\/installations\/","og_locale":"fr_FR","og_type":"article","og_title":"Installations - MachMaker","og_description":"FACILIT\u00c9S Quel que soit votre besoin, nous le r\u00e9solvons Nous sommes heureux de vous aider pour tout probl\u00e8me ou besoin que vous pourriez avoir. Il vous manque une \u00e9chelle, une pi\u00e8ce ou une machine ? Contactez-nous et nous nous chargerons de l&#8217;organiser pour vous. Vous avez un probl\u00e8me ? Si vous avez un probl\u00e8me ou [&hellip;]","og_url":"https:\/\/www.machmakerdr.com\/fr\/installations\/","og_site_name":"MachMaker","article_publisher":"https:\/\/www.facebook.com\/machmaker.dr","article_modified_time":"2022-12-14T12:33:56+00:00","og_image":[{"url":"https:\/\/machmakerdr.saturncube.com\/wp-content\/uploads\/2022\/06\/Diseno-sin-titulo-41.jpg","type":"","width":"","height":""}],"twitter_card":"summary_large_image","schema":{"@context":"https:\/\/schema.org","@graph":[{"@type":"WebPage","@id":"https:\/\/www.machmakerdr.com\/fr\/installations\/","url":"https:\/\/www.machmakerdr.com\/fr\/installations\/","name":"Installations - MachMaker","isPartOf":{"@id":"https:\/\/www.machmakerdr.com\/fr\/#website"},"primaryImageOfPage":{"@id":"https:\/\/www.machmakerdr.com\/fr\/installations\/#primaryimage"},"image":{"@id":"https:\/\/www.machmakerdr.com\/fr\/installations\/#primaryimage"},"thumbnailUrl":"https:\/\/machmakerdr.saturncube.com\/wp-content\/uploads\/2022\/06\/Diseno-sin-titulo-41.jpg","datePublished":"2022-06-13T21:31:22+00:00","dateModified":"2022-12-14T12:33:56+00:00","breadcrumb":{"@id":"https:\/\/www.machmakerdr.com\/fr\/installations\/#breadcrumb"},"inLanguage":"fr-FR","potentialAction":[{"@type":"ReadAction","target":["https:\/\/www.machmakerdr.com\/fr\/installations\/"]}]},{"@type":"ImageObject","inLanguage":"fr-FR","@id":"https:\/\/www.machmakerdr.com\/fr\/installations\/#primaryimage","url":"https:\/\/machmakerdr.saturncube.com\/wp-content\/uploads\/2022\/06\/Diseno-sin-titulo-41.jpg","contentUrl":"https:\/\/machmakerdr.saturncube.com\/wp-content\/uploads\/2022\/06\/Diseno-sin-titulo-41.jpg"},{"@type":"BreadcrumbList","@id":"https:\/\/www.machmakerdr.com\/fr\/installations\/#breadcrumb","itemListElement":[{"@type":"ListItem","position":1,"name":"Portada","item":"https:\/\/www.machmakerdr.com\/fr\/"},{"@type":"ListItem","position":2,"name":"Installations"}]},{"@type":"WebSite","@id":"https:\/\/www.machmakerdr.com\/fr\/#website","url":"https:\/\/www.machmakerdr.com\/fr\/","name":"MachMaker","description":"Services industriels","publisher":{"@id":"https:\/\/www.machmakerdr.com\/fr\/#organization"},"potentialAction":[{"@type":"SearchAction","target":{"@type":"EntryPoint","urlTemplate":"https:\/\/www.machmakerdr.com\/fr\/?s={search_term_string}"},"query-input":{"@type":"PropertyValueSpecification","valueRequired":true,"valueName":"search_term_string"}}],"inLanguage":"fr-FR"},{"@type":"Organization","@id":"https:\/\/www.machmakerdr.com\/fr\/#organization","name":"MachMaker","url":"https:\/\/www.machmakerdr.com\/fr\/","logo":{"@type":"ImageObject","inLanguage":"fr-FR","@id":"https:\/\/www.machmakerdr.com\/fr\/#\/schema\/logo\/image\/","url":"https:\/\/www.machmakerdr.com\/wp-content\/uploads\/2020\/02\/Machmaker-Logo-horizontal_Mesa-de-trabajo-1-copia.png","contentUrl":"https:\/\/www.machmakerdr.com\/wp-content\/uploads\/2020\/02\/Machmaker-Logo-horizontal_Mesa-de-trabajo-1-copia.png","width":3300,"height":884,"caption":"MachMaker"},"image":{"@id":"https:\/\/www.machmakerdr.com\/fr\/#\/schema\/logo\/image\/"},"sameAs":["https:\/\/www.facebook.com\/machmaker.dr","https:\/\/www.instagram.com\/machmaker.dr\/"]}]}},"_links":{"self":[{"href":"https:\/\/www.machmakerdr.com\/fr\/wp-json\/wp\/v2\/pages\/4784","targetHints":{"allow":["GET"]}}],"collection":[{"href":"https:\/\/www.machmakerdr.com\/fr\/wp-json\/wp\/v2\/pages"}],"about":[{"href":"https:\/\/www.machmakerdr.com\/fr\/wp-json\/wp\/v2\/types\/page"}],"author":[{"embeddable":true,"href":"https:\/\/www.machmakerdr.com\/fr\/wp-json\/wp\/v2\/users\/1"}],"replies":[{"embeddable":true,"href":"https:\/\/www.machmakerdr.com\/fr\/wp-json\/wp\/v2\/comments?post=4784"}],"version-history":[{"count":0,"href":"https:\/\/www.machmakerdr.com\/fr\/wp-json\/wp\/v2\/pages\/4784\/revisions"}],"wp:attachment":[{"href":"https:\/\/www.machmakerdr.com\/fr\/wp-json\/wp\/v2\/media?parent=4784"}],"curies":[{"name":"wp","href":"https:\/\/api.w.org\/{rel}","templated":true}]}}