{"id":4814,"date":"2022-06-13T21:30:43","date_gmt":"2022-06-13T21:30:43","guid":{"rendered":"https:\/\/machmakerdr.saturncube.com\/consultancy\/"},"modified":"2022-12-14T12:57:27","modified_gmt":"2022-12-14T12:57:27","slug":"consultancy","status":"publish","type":"page","link":"https:\/\/www.machmakerdr.com\/fr\/consultancy\/","title":{"rendered":"Consultancy"},"content":{"rendered":"\t\t<div data-elementor-type=\"wp-page\" data-elementor-id=\"4814\" class=\"elementor elementor-4814 elementor-557\">\n\t\t\t\t\t\t<section class=\"elementor-section elementor-top-section elementor-element elementor-element-70859de elementor-section-full_width elementor-section-height-default elementor-section-height-default\" data-id=\"70859de\" data-element_type=\"section\" data-settings=\"{&quot;background_background&quot;:&quot;slideshow&quot;,&quot;background_slideshow_gallery&quot;:[{&quot;id&quot;:1480,&quot;url&quot;:&quot;https:\\\/\\\/machmakerdr.saturncube.com\\\/wp-content\\\/uploads\\\/2022\\\/06\\\/ESTAMOS-DE-LA-MANO-CONTIGO-EN-CADA-ETAPA-DE-TU-PROYECTO-6.jpg&quot;}],&quot;background_slideshow_loop&quot;:&quot;yes&quot;,&quot;background_slideshow_slide_duration&quot;:5000,&quot;background_slideshow_slide_transition&quot;:&quot;fade&quot;,&quot;background_slideshow_transition_duration&quot;:500}\">\n\t\t\t\t\t\t<div class=\"elementor-container elementor-column-gap-default\">\n\t\t\t\t\t<div class=\"elementor-column elementor-col-100 elementor-top-column elementor-element elementor-element-6d4596e\" data-id=\"6d4596e\" data-element_type=\"column\">\n\t\t\t<div class=\"elementor-widget-wrap elementor-element-populated\">\n\t\t\t\t\t\t<div class=\"elementor-element elementor-element-a6d5897 elementor-widget elementor-widget-heading\" data-id=\"a6d5897\" data-element_type=\"widget\" data-widget_type=\"heading.default\">\n\t\t\t\t<div class=\"elementor-widget-container\">\n\t\t\t\t\t<h2 class=\"elementor-heading-title elementor-size-default\">CONSEILS  <\/h2>\t\t\t\t<\/div>\n\t\t\t\t<\/div>\n\t\t\t\t\t<\/div>\n\t\t<\/div>\n\t\t\t\t\t<\/div>\n\t\t<\/section>\n\t\t\t\t<section class=\"elementor-section elementor-top-section elementor-element elementor-element-c4415c8 elementor-section-content-middle elementor-section-boxed elementor-section-height-default elementor-section-height-default\" data-id=\"c4415c8\" data-element_type=\"section\" data-settings=\"{&quot;background_background&quot;:&quot;classic&quot;}\">\n\t\t\t\t\t\t<div class=\"elementor-container elementor-column-gap-no\">\n\t\t\t\t\t<div class=\"elementor-column elementor-col-100 elementor-top-column elementor-element elementor-element-4acd554\" data-id=\"4acd554\" data-element_type=\"column\">\n\t\t\t<div class=\"elementor-widget-wrap elementor-element-populated\">\n\t\t\t\t\t\t<div class=\"elementor-element elementor-element-c823ac8 elementor-widget elementor-widget-heading\" data-id=\"c823ac8\" data-element_type=\"widget\" data-widget_type=\"heading.default\">\n\t\t\t\t<div class=\"elementor-widget-container\">\n\t\t\t\t\t<p class=\"elementor-heading-title elementor-size-default\">Nous sommes avec vous \u00e0 chaque \u00e9tape du processus<\/p>\t\t\t\t<\/div>\n\t\t\t\t<\/div>\n\t\t\t\t<div class=\"elementor-element elementor-element-649d8bc elementor-widget elementor-widget-heading\" data-id=\"649d8bc\" data-element_type=\"widget\" data-widget_type=\"heading.default\">\n\t\t\t\t<div class=\"elementor-widget-container\">\n\t\t\t\t\t<h5 class=\"elementor-heading-title elementor-size-default\">Gr\u00e2ce \u00e0 notre service de conseil, vous aurez la certitude que votre projet est sur la bonne voie. Nous pouvons vous conseiller d\u00e8s l'identification du besoin jusqu'\u00e0 sa mise en \u0153uvre ult\u00e9rieure.  <\/h5>\t\t\t\t<\/div>\n\t\t\t\t<\/div>\n\t\t\t\t\t<\/div>\n\t\t<\/div>\n\t\t\t\t\t<\/div>\n\t\t<\/section>\n\t\t\t\t<section class=\"elementor-section elementor-top-section elementor-element elementor-element-e5b6ac7 elementor-section-boxed elementor-section-height-default elementor-section-height-default\" data-id=\"e5b6ac7\" data-element_type=\"section\" data-settings=\"{&quot;background_background&quot;:&quot;gradient&quot;}\">\n\t\t\t\t\t\t<div class=\"elementor-container elementor-column-gap-default\">\n\t\t\t\t\t<div class=\"elementor-column elementor-col-100 elementor-top-column elementor-element elementor-element-f298a09\" data-id=\"f298a09\" data-element_type=\"column\" data-settings=\"{&quot;background_background&quot;:&quot;classic&quot;}\">\n\t\t\t<div class=\"elementor-widget-wrap elementor-element-populated\">\n\t\t\t\t\t\t<section class=\"elementor-section elementor-inner-section elementor-element elementor-element-9120c50 elementor-section-content-middle elementor-section-boxed elementor-section-height-default elementor-section-height-default\" data-id=\"9120c50\" data-element_type=\"section\">\n\t\t\t\t\t\t<div class=\"elementor-container elementor-column-gap-default\">\n\t\t\t\t\t<div class=\"elementor-column elementor-col-50 elementor-inner-column elementor-element elementor-element-555a226\" data-id=\"555a226\" data-element_type=\"column\">\n\t\t\t<div class=\"elementor-widget-wrap elementor-element-populated\">\n\t\t\t\t\t\t<div class=\"elementor-element elementor-element-5901673 elementor-widget elementor-widget-image-box\" data-id=\"5901673\" data-element_type=\"widget\" data-widget_type=\"image-box.default\">\n\t\t\t\t<div class=\"elementor-widget-container\">\n\t\t\t\t\t<div class=\"elementor-image-box-wrapper\"><div class=\"elementor-image-box-content\"><h2 class=\"elementor-image-box-title\">Vous avez un probl\u00e8me ?  <\/h2><p class=\"elementor-image-box-description\">Si vous avez un probl\u00e8me ou une id\u00e9e et que vous ne savez pas comment la d\u00e9velopper ou que vous avez besoin de conseils, demandez une visite technique sp\u00e9cialis\u00e9e et nous nous occuperons du reste.<\/p><\/div><\/div>\t\t\t\t<\/div>\n\t\t\t\t<\/div>\n\t\t\t\t<div class=\"elementor-element elementor-element-6da6e0c elementor-tablet-align-left elementor-mobile-align-center elementor-align-left elementor-widget elementor-widget-button\" data-id=\"6da6e0c\" data-element_type=\"widget\" data-widget_type=\"button.default\">\n\t\t\t\t<div class=\"elementor-widget-container\">\n\t\t\t\t\t\t\t\t\t<div class=\"elementor-button-wrapper\">\n\t\t\t\t\t<a class=\"elementor-button elementor-button-link elementor-size-sm\" href=\"https:\/\/booking.appointy.com\/en-US\/mahmakerdr\/bookings\/calendar\">\n\t\t\t\t\t\t<span class=\"elementor-button-content-wrapper\">\n\t\t\t\t\t\t\t\t\t<span class=\"elementor-button-text\">DEMANDER UNE VISITE SP\u00c9CIALIS\u00c9E<\/span>\n\t\t\t\t\t<\/span>\n\t\t\t\t\t<\/a>\n\t\t\t\t<\/div>\n\t\t\t\t\t\t\t\t<\/div>\n\t\t\t\t<\/div>\n\t\t\t\t\t<\/div>\n\t\t<\/div>\n\t\t\t\t<div class=\"elementor-column elementor-col-50 elementor-inner-column elementor-element elementor-element-3b382c1\" data-id=\"3b382c1\" data-element_type=\"column\">\n\t\t\t<div class=\"elementor-widget-wrap elementor-element-populated\">\n\t\t\t\t\t\t<div class=\"elementor-element elementor-element-f633574 elementor-hidden-mobile elementor-widget elementor-widget-image\" data-id=\"f633574\" data-element_type=\"widget\" data-widget_type=\"image.default\">\n\t\t\t\t<div class=\"elementor-widget-container\">\n\t\t\t\t\t\t\t\t\t\t\t\t\t\t\t<img fetchpriority=\"high\" decoding=\"async\" width=\"500\" height=\"500\" src=\"https:\/\/www.machmakerdr.com\/wp-content\/uploads\/2022\/06\/Diseno-sin-titulo-41.jpg\" class=\"attachment-full size-full wp-image-1067\" alt=\"\" srcset=\"https:\/\/www.machmakerdr.com\/wp-content\/uploads\/2022\/06\/Diseno-sin-titulo-41.jpg 500w, https:\/\/www.machmakerdr.com\/wp-content\/uploads\/2022\/06\/Diseno-sin-titulo-41-300x300.jpg 300w, https:\/\/www.machmakerdr.com\/wp-content\/uploads\/2022\/06\/Diseno-sin-titulo-41-100x100.jpg 100w, https:\/\/www.machmakerdr.com\/wp-content\/uploads\/2022\/06\/Diseno-sin-titulo-41-150x150.jpg 150w\" sizes=\"(max-width: 500px) 100vw, 500px\" \/>\t\t\t\t\t\t\t\t\t\t\t\t\t\t\t<\/div>\n\t\t\t\t<\/div>\n\t\t\t\t\t<\/div>\n\t\t<\/div>\n\t\t\t\t\t<\/div>\n\t\t<\/section>\n\t\t\t\t\t<\/div>\n\t\t<\/div>\n\t\t\t\t\t<\/div>\n\t\t<\/section>\n\t\t\t\t<\/div>\n\t\t","protected":false},"excerpt":{"rendered":"<p>CONSEILS Nous sommes avec vous \u00e0 chaque \u00e9tape du processus Gr\u00e2ce \u00e0 notre service de conseil, vous aurez la certitude que votre projet est sur la bonne voie. Nous pouvons vous conseiller d\u00e8s l&#8217;identification du besoin jusqu&#8217;\u00e0 sa mise en \u0153uvre ult\u00e9rieure. Vous avez un probl\u00e8me ? Si vous avez un probl\u00e8me ou une id\u00e9e [&hellip;]<\/p>\n","protected":false},"author":1,"featured_media":0,"parent":0,"menu_order":0,"comment_status":"closed","ping_status":"closed","template":"","meta":{"site-sidebar-layout":"no-sidebar","site-content-layout":"page-builder","ast-site-content-layout":"default","site-content-style":"default","site-sidebar-style":"default","ast-global-header-display":"","ast-banner-title-visibility":"","ast-main-header-display":"","ast-hfb-above-header-display":"","ast-hfb-below-header-display":"","ast-hfb-mobile-header-display":"","site-post-title":"disabled","ast-breadcrumbs-content":"","ast-featured-img":"disabled","footer-sml-layout":"","theme-transparent-header-meta":"","adv-header-id-meta":"","stick-header-meta":"","header-above-stick-meta":"","header-main-stick-meta":"","header-below-stick-meta":"","astra-migrate-meta-layouts":"default","ast-page-background-enabled":"default","ast-page-background-meta":{"desktop":{"background-color":"var(--ast-global-color-4)","background-image":"","background-repeat":"repeat","background-position":"center center","background-size":"auto","background-attachment":"scroll","background-type":"","background-media":"","overlay-type":"","overlay-color":"","overlay-opacity":"","overlay-gradient":""},"tablet":{"background-color":"","background-image":"","background-repeat":"repeat","background-position":"center center","background-size":"auto","background-attachment":"scroll","background-type":"","background-media":"","overlay-type":"","overlay-color":"","overlay-opacity":"","overlay-gradient":""},"mobile":{"background-color":"","background-image":"","background-repeat":"repeat","background-position":"center center","background-size":"auto","background-attachment":"scroll","background-type":"","background-media":"","overlay-type":"","overlay-color":"","overlay-opacity":"","overlay-gradient":""}},"ast-content-background-meta":{"desktop":{"background-color":"var(--ast-global-color-5)","background-image":"","background-repeat":"repeat","background-position":"center center","background-size":"auto","background-attachment":"scroll","background-type":"","background-media":"","overlay-type":"","overlay-color":"","overlay-opacity":"","overlay-gradient":""},"tablet":{"background-color":"var(--ast-global-color-5)","background-image":"","background-repeat":"repeat","background-position":"center center","background-size":"auto","background-attachment":"scroll","background-type":"","background-media":"","overlay-type":"","overlay-color":"","overlay-opacity":"","overlay-gradient":""},"mobile":{"background-color":"var(--ast-global-color-5)","background-image":"","background-repeat":"repeat","background-position":"center center","background-size":"auto","background-attachment":"scroll","background-type":"","background-media":"","overlay-type":"","overlay-color":"","overlay-opacity":"","overlay-gradient":""}},"footnotes":""},"class_list":["post-4814","page","type-page","status-publish","hentry"],"yoast_head":"<!-- This site is optimized with the Yoast SEO plugin v25.5 - https:\/\/yoast.com\/wordpress\/plugins\/seo\/ -->\n<title>Consultancy - MachMaker<\/title>\n<meta name=\"robots\" content=\"index, follow, max-snippet:-1, max-image-preview:large, max-video-preview:-1\" \/>\n<link rel=\"canonical\" href=\"https:\/\/www.machmakerdr.com\/fr\/consultancy\/\" \/>\n<meta property=\"og:locale\" content=\"fr_FR\" \/>\n<meta property=\"og:type\" content=\"article\" \/>\n<meta property=\"og:title\" content=\"Consultancy - MachMaker\" \/>\n<meta property=\"og:description\" content=\"CONSEILS Nous sommes avec vous \u00e0 chaque \u00e9tape du processus Gr\u00e2ce \u00e0 notre service de conseil, vous aurez la certitude que votre projet est sur la bonne voie. Nous pouvons vous conseiller d\u00e8s l&#8217;identification du besoin jusqu&#8217;\u00e0 sa mise en \u0153uvre ult\u00e9rieure. Vous avez un probl\u00e8me ? Si vous avez un probl\u00e8me ou une id\u00e9e [&hellip;]\" \/>\n<meta property=\"og:url\" content=\"https:\/\/www.machmakerdr.com\/fr\/consultancy\/\" \/>\n<meta property=\"og:site_name\" content=\"MachMaker\" \/>\n<meta property=\"article:publisher\" content=\"https:\/\/www.facebook.com\/machmaker.dr\" \/>\n<meta property=\"article:modified_time\" content=\"2022-12-14T12:57:27+00:00\" \/>\n<meta property=\"og:image\" content=\"https:\/\/machmakerdr.saturncube.com\/wp-content\/uploads\/2022\/06\/Diseno-sin-titulo-41.jpg\" \/>\n<meta name=\"twitter:card\" content=\"summary_large_image\" \/>\n<script type=\"application\/ld+json\" class=\"yoast-schema-graph\">{\"@context\":\"https:\/\/schema.org\",\"@graph\":[{\"@type\":\"WebPage\",\"@id\":\"https:\/\/www.machmakerdr.com\/fr\/consultancy\/\",\"url\":\"https:\/\/www.machmakerdr.com\/fr\/consultancy\/\",\"name\":\"Consultancy - MachMaker\",\"isPartOf\":{\"@id\":\"https:\/\/www.machmakerdr.com\/fr\/#website\"},\"primaryImageOfPage\":{\"@id\":\"https:\/\/www.machmakerdr.com\/fr\/consultancy\/#primaryimage\"},\"image\":{\"@id\":\"https:\/\/www.machmakerdr.com\/fr\/consultancy\/#primaryimage\"},\"thumbnailUrl\":\"https:\/\/machmakerdr.saturncube.com\/wp-content\/uploads\/2022\/06\/Diseno-sin-titulo-41.jpg\",\"datePublished\":\"2022-06-13T21:30:43+00:00\",\"dateModified\":\"2022-12-14T12:57:27+00:00\",\"breadcrumb\":{\"@id\":\"https:\/\/www.machmakerdr.com\/fr\/consultancy\/#breadcrumb\"},\"inLanguage\":\"fr-FR\",\"potentialAction\":[{\"@type\":\"ReadAction\",\"target\":[\"https:\/\/www.machmakerdr.com\/fr\/consultancy\/\"]}]},{\"@type\":\"ImageObject\",\"inLanguage\":\"fr-FR\",\"@id\":\"https:\/\/www.machmakerdr.com\/fr\/consultancy\/#primaryimage\",\"url\":\"https:\/\/machmakerdr.saturncube.com\/wp-content\/uploads\/2022\/06\/Diseno-sin-titulo-41.jpg\",\"contentUrl\":\"https:\/\/machmakerdr.saturncube.com\/wp-content\/uploads\/2022\/06\/Diseno-sin-titulo-41.jpg\"},{\"@type\":\"BreadcrumbList\",\"@id\":\"https:\/\/www.machmakerdr.com\/fr\/consultancy\/#breadcrumb\",\"itemListElement\":[{\"@type\":\"ListItem\",\"position\":1,\"name\":\"Portada\",\"item\":\"https:\/\/www.machmakerdr.com\/fr\/\"},{\"@type\":\"ListItem\",\"position\":2,\"name\":\"Consultancy\"}]},{\"@type\":\"WebSite\",\"@id\":\"https:\/\/www.machmakerdr.com\/fr\/#website\",\"url\":\"https:\/\/www.machmakerdr.com\/fr\/\",\"name\":\"MachMaker\",\"description\":\"Services industriels\",\"publisher\":{\"@id\":\"https:\/\/www.machmakerdr.com\/fr\/#organization\"},\"potentialAction\":[{\"@type\":\"SearchAction\",\"target\":{\"@type\":\"EntryPoint\",\"urlTemplate\":\"https:\/\/www.machmakerdr.com\/fr\/?s={search_term_string}\"},\"query-input\":{\"@type\":\"PropertyValueSpecification\",\"valueRequired\":true,\"valueName\":\"search_term_string\"}}],\"inLanguage\":\"fr-FR\"},{\"@type\":\"Organization\",\"@id\":\"https:\/\/www.machmakerdr.com\/fr\/#organization\",\"name\":\"MachMaker\",\"url\":\"https:\/\/www.machmakerdr.com\/fr\/\",\"logo\":{\"@type\":\"ImageObject\",\"inLanguage\":\"fr-FR\",\"@id\":\"https:\/\/www.machmakerdr.com\/fr\/#\/schema\/logo\/image\/\",\"url\":\"https:\/\/www.machmakerdr.com\/wp-content\/uploads\/2020\/02\/Machmaker-Logo-horizontal_Mesa-de-trabajo-1-copia.png\",\"contentUrl\":\"https:\/\/www.machmakerdr.com\/wp-content\/uploads\/2020\/02\/Machmaker-Logo-horizontal_Mesa-de-trabajo-1-copia.png\",\"width\":3300,\"height\":884,\"caption\":\"MachMaker\"},\"image\":{\"@id\":\"https:\/\/www.machmakerdr.com\/fr\/#\/schema\/logo\/image\/\"},\"sameAs\":[\"https:\/\/www.facebook.com\/machmaker.dr\",\"https:\/\/www.instagram.com\/machmaker.dr\/\"]}]}<\/script>\n<!-- \/ Yoast SEO plugin. -->","yoast_head_json":{"title":"Consultancy - MachMaker","robots":{"index":"index","follow":"follow","max-snippet":"max-snippet:-1","max-image-preview":"max-image-preview:large","max-video-preview":"max-video-preview:-1"},"canonical":"https:\/\/www.machmakerdr.com\/fr\/consultancy\/","og_locale":"fr_FR","og_type":"article","og_title":"Consultancy - MachMaker","og_description":"CONSEILS Nous sommes avec vous \u00e0 chaque \u00e9tape du processus Gr\u00e2ce \u00e0 notre service de conseil, vous aurez la certitude que votre projet est sur la bonne voie. Nous pouvons vous conseiller d\u00e8s l&#8217;identification du besoin jusqu&#8217;\u00e0 sa mise en \u0153uvre ult\u00e9rieure. Vous avez un probl\u00e8me ? Si vous avez un probl\u00e8me ou une id\u00e9e [&hellip;]","og_url":"https:\/\/www.machmakerdr.com\/fr\/consultancy\/","og_site_name":"MachMaker","article_publisher":"https:\/\/www.facebook.com\/machmaker.dr","article_modified_time":"2022-12-14T12:57:27+00:00","og_image":[{"url":"https:\/\/machmakerdr.saturncube.com\/wp-content\/uploads\/2022\/06\/Diseno-sin-titulo-41.jpg","type":"","width":"","height":""}],"twitter_card":"summary_large_image","schema":{"@context":"https:\/\/schema.org","@graph":[{"@type":"WebPage","@id":"https:\/\/www.machmakerdr.com\/fr\/consultancy\/","url":"https:\/\/www.machmakerdr.com\/fr\/consultancy\/","name":"Consultancy - MachMaker","isPartOf":{"@id":"https:\/\/www.machmakerdr.com\/fr\/#website"},"primaryImageOfPage":{"@id":"https:\/\/www.machmakerdr.com\/fr\/consultancy\/#primaryimage"},"image":{"@id":"https:\/\/www.machmakerdr.com\/fr\/consultancy\/#primaryimage"},"thumbnailUrl":"https:\/\/machmakerdr.saturncube.com\/wp-content\/uploads\/2022\/06\/Diseno-sin-titulo-41.jpg","datePublished":"2022-06-13T21:30:43+00:00","dateModified":"2022-12-14T12:57:27+00:00","breadcrumb":{"@id":"https:\/\/www.machmakerdr.com\/fr\/consultancy\/#breadcrumb"},"inLanguage":"fr-FR","potentialAction":[{"@type":"ReadAction","target":["https:\/\/www.machmakerdr.com\/fr\/consultancy\/"]}]},{"@type":"ImageObject","inLanguage":"fr-FR","@id":"https:\/\/www.machmakerdr.com\/fr\/consultancy\/#primaryimage","url":"https:\/\/machmakerdr.saturncube.com\/wp-content\/uploads\/2022\/06\/Diseno-sin-titulo-41.jpg","contentUrl":"https:\/\/machmakerdr.saturncube.com\/wp-content\/uploads\/2022\/06\/Diseno-sin-titulo-41.jpg"},{"@type":"BreadcrumbList","@id":"https:\/\/www.machmakerdr.com\/fr\/consultancy\/#breadcrumb","itemListElement":[{"@type":"ListItem","position":1,"name":"Portada","item":"https:\/\/www.machmakerdr.com\/fr\/"},{"@type":"ListItem","position":2,"name":"Consultancy"}]},{"@type":"WebSite","@id":"https:\/\/www.machmakerdr.com\/fr\/#website","url":"https:\/\/www.machmakerdr.com\/fr\/","name":"MachMaker","description":"Services industriels","publisher":{"@id":"https:\/\/www.machmakerdr.com\/fr\/#organization"},"potentialAction":[{"@type":"SearchAction","target":{"@type":"EntryPoint","urlTemplate":"https:\/\/www.machmakerdr.com\/fr\/?s={search_term_string}"},"query-input":{"@type":"PropertyValueSpecification","valueRequired":true,"valueName":"search_term_string"}}],"inLanguage":"fr-FR"},{"@type":"Organization","@id":"https:\/\/www.machmakerdr.com\/fr\/#organization","name":"MachMaker","url":"https:\/\/www.machmakerdr.com\/fr\/","logo":{"@type":"ImageObject","inLanguage":"fr-FR","@id":"https:\/\/www.machmakerdr.com\/fr\/#\/schema\/logo\/image\/","url":"https:\/\/www.machmakerdr.com\/wp-content\/uploads\/2020\/02\/Machmaker-Logo-horizontal_Mesa-de-trabajo-1-copia.png","contentUrl":"https:\/\/www.machmakerdr.com\/wp-content\/uploads\/2020\/02\/Machmaker-Logo-horizontal_Mesa-de-trabajo-1-copia.png","width":3300,"height":884,"caption":"MachMaker"},"image":{"@id":"https:\/\/www.machmakerdr.com\/fr\/#\/schema\/logo\/image\/"},"sameAs":["https:\/\/www.facebook.com\/machmaker.dr","https:\/\/www.instagram.com\/machmaker.dr\/"]}]}},"_links":{"self":[{"href":"https:\/\/www.machmakerdr.com\/fr\/wp-json\/wp\/v2\/pages\/4814","targetHints":{"allow":["GET"]}}],"collection":[{"href":"https:\/\/www.machmakerdr.com\/fr\/wp-json\/wp\/v2\/pages"}],"about":[{"href":"https:\/\/www.machmakerdr.com\/fr\/wp-json\/wp\/v2\/types\/page"}],"author":[{"embeddable":true,"href":"https:\/\/www.machmakerdr.com\/fr\/wp-json\/wp\/v2\/users\/1"}],"replies":[{"embeddable":true,"href":"https:\/\/www.machmakerdr.com\/fr\/wp-json\/wp\/v2\/comments?post=4814"}],"version-history":[{"count":0,"href":"https:\/\/www.machmakerdr.com\/fr\/wp-json\/wp\/v2\/pages\/4814\/revisions"}],"wp:attachment":[{"href":"https:\/\/www.machmakerdr.com\/fr\/wp-json\/wp\/v2\/media?parent=4814"}],"curies":[{"name":"wp","href":"https:\/\/api.w.org\/{rel}","templated":true}]}}