{"id":4874,"date":"2022-06-13T21:16:34","date_gmt":"2022-06-13T21:16:34","guid":{"rendered":"https:\/\/machmakerdr.saturncube.com\/fabrication\/"},"modified":"2022-12-14T12:57:16","modified_gmt":"2022-12-14T12:57:16","slug":"fabrication","status":"publish","type":"page","link":"https:\/\/www.machmakerdr.com\/fr\/fabrication\/","title":{"rendered":"Fabrication"},"content":{"rendered":"\t\t<div data-elementor-type=\"wp-page\" data-elementor-id=\"4874\" class=\"elementor elementor-4874 elementor-541\">\n\t\t\t\t\t\t<section class=\"elementor-section elementor-top-section elementor-element elementor-element-4867d67 elementor-section-full_width elementor-section-height-default elementor-section-height-default\" data-id=\"4867d67\" data-element_type=\"section\" data-settings=\"{&quot;background_background&quot;:&quot;slideshow&quot;,&quot;background_slideshow_gallery&quot;:[{&quot;id&quot;:1454,&quot;url&quot;:&quot;https:\\\/\\\/machmakerdr.saturncube.com\\\/wp-content\\\/uploads\\\/2022\\\/06\\\/ESTAMOS-DE-LA-MANO-CONTIGO-EN-CADA-ETAPA-DE-TU-PROYECTO-3.jpg&quot;}],&quot;background_slideshow_loop&quot;:&quot;yes&quot;,&quot;background_slideshow_slide_duration&quot;:5000,&quot;background_slideshow_slide_transition&quot;:&quot;fade&quot;,&quot;background_slideshow_transition_duration&quot;:500}\">\n\t\t\t\t\t\t<div class=\"elementor-container elementor-column-gap-default\">\n\t\t\t\t\t<div class=\"elementor-column elementor-col-100 elementor-top-column elementor-element elementor-element-92d9f70\" data-id=\"92d9f70\" data-element_type=\"column\">\n\t\t\t<div class=\"elementor-widget-wrap elementor-element-populated\">\n\t\t\t\t\t\t<div class=\"elementor-element elementor-element-ebe7c66 elementor-widget elementor-widget-heading\" data-id=\"ebe7c66\" data-element_type=\"widget\" data-widget_type=\"heading.default\">\n\t\t\t\t<div class=\"elementor-widget-container\">\n\t\t\t\t\t<h2 class=\"elementor-heading-title elementor-size-default\">MANUFACTURIERS  <\/h2>\t\t\t\t<\/div>\n\t\t\t\t<\/div>\n\t\t\t\t\t<\/div>\n\t\t<\/div>\n\t\t\t\t\t<\/div>\n\t\t<\/section>\n\t\t\t\t<section class=\"elementor-section elementor-top-section elementor-element elementor-element-133ae279 elementor-section-content-middle elementor-section-boxed elementor-section-height-default elementor-section-height-default\" data-id=\"133ae279\" data-element_type=\"section\" data-settings=\"{&quot;background_background&quot;:&quot;classic&quot;}\">\n\t\t\t\t\t\t<div class=\"elementor-container elementor-column-gap-no\">\n\t\t\t\t\t<div class=\"elementor-column elementor-col-100 elementor-top-column elementor-element elementor-element-6a03d052\" data-id=\"6a03d052\" data-element_type=\"column\">\n\t\t\t<div class=\"elementor-widget-wrap elementor-element-populated\">\n\t\t\t\t\t\t<div class=\"elementor-element elementor-element-793a354f elementor-widget elementor-widget-heading\" data-id=\"793a354f\" data-element_type=\"widget\" data-widget_type=\"heading.default\">\n\t\t\t\t<div class=\"elementor-widget-container\">\n\t\t\t\t\t<p class=\"elementor-heading-title elementor-size-default\">Ne vous limitez pas !<\/p>\t\t\t\t<\/div>\n\t\t\t\t<\/div>\n\t\t\t\t<div class=\"elementor-element elementor-element-35c88711 elementor-widget elementor-widget-heading\" data-id=\"35c88711\" data-element_type=\"widget\" data-widget_type=\"heading.default\">\n\t\t\t\t<div class=\"elementor-widget-container\">\n\t\t\t\t\t<h5 class=\"elementor-heading-title elementor-size-default\">Nous sommes experts dans la r\u00e9alisation de ces id\u00e9es que vous pensez difficiles \u00e0 concr\u00e9tiser.<\/h5>\t\t\t\t<\/div>\n\t\t\t\t<\/div>\n\t\t\t\t<div class=\"elementor-element elementor-element-908989e elementor-arrows-position-inside elementor-pagination-position-outside elementor-widget elementor-widget-image-carousel\" data-id=\"908989e\" data-element_type=\"widget\" data-settings=\"{&quot;slides_to_show&quot;:&quot;3&quot;,&quot;navigation&quot;:&quot;both&quot;,&quot;autoplay&quot;:&quot;yes&quot;,&quot;pause_on_hover&quot;:&quot;yes&quot;,&quot;pause_on_interaction&quot;:&quot;yes&quot;,&quot;autoplay_speed&quot;:5000,&quot;infinite&quot;:&quot;yes&quot;,&quot;speed&quot;:500}\" data-widget_type=\"image-carousel.default\">\n\t\t\t\t<div class=\"elementor-widget-container\">\n\t\t\t\t\t\t\t<div class=\"elementor-image-carousel-wrapper swiper\" role=\"region\" aria-roledescription=\"carousel\" aria-label=\"Image Carousel\" dir=\"ltr\">\n\t\t\t<div class=\"elementor-image-carousel swiper-wrapper\" aria-live=\"off\">\n\t\t\t\t\t\t\t\t<div class=\"swiper-slide\" role=\"group\" aria-roledescription=\"slide\" aria-label=\"1 of 6\"><figure class=\"swiper-slide-inner\"><img decoding=\"async\" class=\"swiper-slide-image\" src=\"https:\/\/www.machmakerdr.com\/wp-content\/uploads\/2022\/06\/162.jpg\" alt=\"16(2)\" \/><\/figure><\/div><div class=\"swiper-slide\" role=\"group\" aria-roledescription=\"slide\" aria-label=\"2 of 6\"><figure class=\"swiper-slide-inner\"><img decoding=\"async\" class=\"swiper-slide-image\" src=\"https:\/\/www.machmakerdr.com\/wp-content\/uploads\/2022\/06\/172.jpg\" alt=\"17(2)\" \/><\/figure><\/div><div class=\"swiper-slide\" role=\"group\" aria-roledescription=\"slide\" aria-label=\"3 of 6\"><figure class=\"swiper-slide-inner\"><img decoding=\"async\" class=\"swiper-slide-image\" src=\"https:\/\/www.machmakerdr.com\/wp-content\/uploads\/2022\/06\/18.jpg\" alt=\"18\" \/><\/figure><\/div><div class=\"swiper-slide\" role=\"group\" aria-roledescription=\"slide\" aria-label=\"4 of 6\"><figure class=\"swiper-slide-inner\"><img decoding=\"async\" class=\"swiper-slide-image\" src=\"https:\/\/www.machmakerdr.com\/wp-content\/uploads\/2022\/06\/19.jpg\" alt=\"19\" \/><\/figure><\/div><div class=\"swiper-slide\" role=\"group\" aria-roledescription=\"slide\" aria-label=\"5 of 6\"><figure class=\"swiper-slide-inner\"><img decoding=\"async\" class=\"swiper-slide-image\" src=\"https:\/\/www.machmakerdr.com\/wp-content\/uploads\/2022\/06\/20.jpg\" alt=\"20\" \/><\/figure><\/div><div class=\"swiper-slide\" role=\"group\" aria-roledescription=\"slide\" aria-label=\"6 of 6\"><figure class=\"swiper-slide-inner\"><img decoding=\"async\" class=\"swiper-slide-image\" src=\"https:\/\/www.machmakerdr.com\/wp-content\/uploads\/2022\/06\/211.jpg\" alt=\"21(1)\" \/><\/figure><\/div>\t\t\t<\/div>\n\t\t\t\t\t\t\t\t\t\t\t\t<div class=\"elementor-swiper-button elementor-swiper-button-prev\" role=\"button\" tabindex=\"0\">\n\t\t\t\t\t\t<i aria-hidden=\"true\" class=\"eicon-chevron-left\"><\/i>\t\t\t\t\t<\/div>\n\t\t\t\t\t<div class=\"elementor-swiper-button elementor-swiper-button-next\" role=\"button\" tabindex=\"0\">\n\t\t\t\t\t\t<i aria-hidden=\"true\" class=\"eicon-chevron-right\"><\/i>\t\t\t\t\t<\/div>\n\t\t\t\t\n\t\t\t\t\t\t\t\t\t<div class=\"swiper-pagination\"><\/div>\n\t\t\t\t\t\t\t\t\t<\/div>\n\t\t\t\t\t\t<\/div>\n\t\t\t\t<\/div>\n\t\t\t\t\t<\/div>\n\t\t<\/div>\n\t\t\t\t\t<\/div>\n\t\t<\/section>\n\t\t\t\t<section class=\"elementor-section elementor-top-section elementor-element elementor-element-d21220a elementor-section-boxed elementor-section-height-default elementor-section-height-default\" data-id=\"d21220a\" data-element_type=\"section\">\n\t\t\t\t\t\t<div class=\"elementor-container elementor-column-gap-default\">\n\t\t\t\t\t<div class=\"elementor-column elementor-col-100 elementor-top-column elementor-element elementor-element-2f0af4b\" data-id=\"2f0af4b\" data-element_type=\"column\">\n\t\t\t<div class=\"elementor-widget-wrap elementor-element-populated\">\n\t\t\t\t\t\t<div class=\"elementor-element elementor-element-2877002 elementor-widget elementor-widget-video\" data-id=\"2877002\" data-element_type=\"widget\" data-settings=\"{&quot;youtube_url&quot;:&quot;https:\\\/\\\/www.youtube.com\\\/watch?v=FdCU9NqcShQ&quot;,&quot;autoplay&quot;:&quot;yes&quot;,&quot;play_on_mobile&quot;:&quot;yes&quot;,&quot;video_type&quot;:&quot;youtube&quot;,&quot;controls&quot;:&quot;yes&quot;}\" data-widget_type=\"video.default\">\n\t\t\t\t<div class=\"elementor-widget-container\">\n\t\t\t\t\t\t\t<div class=\"elementor-wrapper elementor-open-inline\">\n\t\t\t<div class=\"elementor-video\"><\/div>\t\t<\/div>\n\t\t\t\t\t\t<\/div>\n\t\t\t\t<\/div>\n\t\t\t\t\t<\/div>\n\t\t<\/div>\n\t\t\t\t\t<\/div>\n\t\t<\/section>\n\t\t\t\t<section class=\"elementor-section elementor-top-section elementor-element elementor-element-b2b460d elementor-section-boxed elementor-section-height-default elementor-section-height-default\" data-id=\"b2b460d\" data-element_type=\"section\" data-settings=\"{&quot;background_background&quot;:&quot;gradient&quot;}\">\n\t\t\t\t\t\t<div class=\"elementor-container elementor-column-gap-default\">\n\t\t\t\t\t<div class=\"elementor-column elementor-col-100 elementor-top-column elementor-element elementor-element-daa6f6a\" data-id=\"daa6f6a\" data-element_type=\"column\" data-settings=\"{&quot;background_background&quot;:&quot;classic&quot;}\">\n\t\t\t<div class=\"elementor-widget-wrap elementor-element-populated\">\n\t\t\t\t\t\t<section class=\"elementor-section elementor-inner-section elementor-element elementor-element-c539b15 elementor-section-content-middle elementor-section-boxed elementor-section-height-default elementor-section-height-default\" data-id=\"c539b15\" data-element_type=\"section\">\n\t\t\t\t\t\t<div class=\"elementor-container elementor-column-gap-default\">\n\t\t\t\t\t<div class=\"elementor-column elementor-col-50 elementor-inner-column elementor-element elementor-element-607e88f\" data-id=\"607e88f\" data-element_type=\"column\">\n\t\t\t<div class=\"elementor-widget-wrap elementor-element-populated\">\n\t\t\t\t\t\t<div class=\"elementor-element elementor-element-900b2e6 elementor-widget elementor-widget-image-box\" data-id=\"900b2e6\" data-element_type=\"widget\" data-widget_type=\"image-box.default\">\n\t\t\t\t<div class=\"elementor-widget-container\">\n\t\t\t\t\t<div class=\"elementor-image-box-wrapper\"><div class=\"elementor-image-box-content\"><h2 class=\"elementor-image-box-title\">Vous avez un probl\u00e8me ?  <\/h2><p class=\"elementor-image-box-description\">Si vous avez un probl\u00e8me ou une id\u00e9e et que vous ne savez pas comment la d\u00e9velopper ou que vous avez besoin de conseils, demandez une visite technique sp\u00e9cialis\u00e9e et nous nous occuperons du reste.<\/p><\/div><\/div>\t\t\t\t<\/div>\n\t\t\t\t<\/div>\n\t\t\t\t<div class=\"elementor-element elementor-element-e576dc2 elementor-tablet-align-left elementor-mobile-align-center elementor-align-left elementor-widget elementor-widget-button\" data-id=\"e576dc2\" data-element_type=\"widget\" data-widget_type=\"button.default\">\n\t\t\t\t<div class=\"elementor-widget-container\">\n\t\t\t\t\t\t\t\t\t<div class=\"elementor-button-wrapper\">\n\t\t\t\t\t<a class=\"elementor-button elementor-button-link elementor-size-sm\" href=\"https:\/\/booking.appointy.com\/en-US\/mahmakerdr\/bookings\/calendar\">\n\t\t\t\t\t\t<span class=\"elementor-button-content-wrapper\">\n\t\t\t\t\t\t\t\t\t<span class=\"elementor-button-text\">DEMANDER UNE VISITE SP\u00c9CIALIS\u00c9E<\/span>\n\t\t\t\t\t<\/span>\n\t\t\t\t\t<\/a>\n\t\t\t\t<\/div>\n\t\t\t\t\t\t\t\t<\/div>\n\t\t\t\t<\/div>\n\t\t\t\t\t<\/div>\n\t\t<\/div>\n\t\t\t\t<div class=\"elementor-column elementor-col-50 elementor-inner-column elementor-element elementor-element-da2ea55\" data-id=\"da2ea55\" data-element_type=\"column\">\n\t\t\t<div class=\"elementor-widget-wrap elementor-element-populated\">\n\t\t\t\t\t\t<div class=\"elementor-element elementor-element-42a6a6f elementor-hidden-mobile elementor-widget elementor-widget-image\" data-id=\"42a6a6f\" data-element_type=\"widget\" data-widget_type=\"image.default\">\n\t\t\t\t<div class=\"elementor-widget-container\">\n\t\t\t\t\t\t\t\t\t\t\t\t\t\t\t<img fetchpriority=\"high\" decoding=\"async\" width=\"500\" height=\"500\" src=\"https:\/\/www.machmakerdr.com\/wp-content\/uploads\/2022\/06\/Diseno-sin-titulo-41.jpg\" class=\"attachment-full size-full wp-image-1067\" alt=\"\" srcset=\"https:\/\/www.machmakerdr.com\/wp-content\/uploads\/2022\/06\/Diseno-sin-titulo-41.jpg 500w, https:\/\/www.machmakerdr.com\/wp-content\/uploads\/2022\/06\/Diseno-sin-titulo-41-300x300.jpg 300w, https:\/\/www.machmakerdr.com\/wp-content\/uploads\/2022\/06\/Diseno-sin-titulo-41-100x100.jpg 100w, https:\/\/www.machmakerdr.com\/wp-content\/uploads\/2022\/06\/Diseno-sin-titulo-41-150x150.jpg 150w\" sizes=\"(max-width: 500px) 100vw, 500px\" \/>\t\t\t\t\t\t\t\t\t\t\t\t\t\t\t<\/div>\n\t\t\t\t<\/div>\n\t\t\t\t\t<\/div>\n\t\t<\/div>\n\t\t\t\t\t<\/div>\n\t\t<\/section>\n\t\t\t\t\t<\/div>\n\t\t<\/div>\n\t\t\t\t\t<\/div>\n\t\t<\/section>\n\t\t\t\t<\/div>\n\t\t","protected":false},"excerpt":{"rendered":"<p>MANUFACTURIERS Ne vous limitez pas ! Nous sommes experts dans la r\u00e9alisation de ces id\u00e9es que vous pensez difficiles \u00e0 concr\u00e9tiser. Anterior Siguiente https:\/\/www.youtube.com\/watch?v=FdCU9NqcShQ Vous avez un probl\u00e8me ? Si vous avez un probl\u00e8me ou une id\u00e9e et que vous ne savez pas comment la d\u00e9velopper ou que vous avez besoin de conseils, demandez une [&hellip;]<\/p>\n","protected":false},"author":1,"featured_media":0,"parent":0,"menu_order":0,"comment_status":"closed","ping_status":"closed","template":"","meta":{"site-sidebar-layout":"no-sidebar","site-content-layout":"page-builder","ast-site-content-layout":"default","site-content-style":"default","site-sidebar-style":"default","ast-global-header-display":"","ast-banner-title-visibility":"","ast-main-header-display":"","ast-hfb-above-header-display":"","ast-hfb-below-header-display":"","ast-hfb-mobile-header-display":"","site-post-title":"disabled","ast-breadcrumbs-content":"","ast-featured-img":"disabled","footer-sml-layout":"","theme-transparent-header-meta":"","adv-header-id-meta":"","stick-header-meta":"","header-above-stick-meta":"","header-main-stick-meta":"","header-below-stick-meta":"","astra-migrate-meta-layouts":"default","ast-page-background-enabled":"default","ast-page-background-meta":{"desktop":{"background-color":"var(--ast-global-color-4)","background-image":"","background-repeat":"repeat","background-position":"center center","background-size":"auto","background-attachment":"scroll","background-type":"","background-media":"","overlay-type":"","overlay-color":"","overlay-opacity":"","overlay-gradient":""},"tablet":{"background-color":"","background-image":"","background-repeat":"repeat","background-position":"center center","background-size":"auto","background-attachment":"scroll","background-type":"","background-media":"","overlay-type":"","overlay-color":"","overlay-opacity":"","overlay-gradient":""},"mobile":{"background-color":"","background-image":"","background-repeat":"repeat","background-position":"center center","background-size":"auto","background-attachment":"scroll","background-type":"","background-media":"","overlay-type":"","overlay-color":"","overlay-opacity":"","overlay-gradient":""}},"ast-content-background-meta":{"desktop":{"background-color":"var(--ast-global-color-5)","background-image":"","background-repeat":"repeat","background-position":"center center","background-size":"auto","background-attachment":"scroll","background-type":"","background-media":"","overlay-type":"","overlay-color":"","overlay-opacity":"","overlay-gradient":""},"tablet":{"background-color":"var(--ast-global-color-5)","background-image":"","background-repeat":"repeat","background-position":"center center","background-size":"auto","background-attachment":"scroll","background-type":"","background-media":"","overlay-type":"","overlay-color":"","overlay-opacity":"","overlay-gradient":""},"mobile":{"background-color":"var(--ast-global-color-5)","background-image":"","background-repeat":"repeat","background-position":"center center","background-size":"auto","background-attachment":"scroll","background-type":"","background-media":"","overlay-type":"","overlay-color":"","overlay-opacity":"","overlay-gradient":""}},"footnotes":""},"class_list":["post-4874","page","type-page","status-publish","hentry"],"yoast_head":"<!-- This site is optimized with the Yoast SEO plugin v25.5 - https:\/\/yoast.com\/wordpress\/plugins\/seo\/ -->\n<title>Fabrication - MachMaker<\/title>\n<meta name=\"robots\" content=\"index, follow, max-snippet:-1, max-image-preview:large, max-video-preview:-1\" \/>\n<link rel=\"canonical\" href=\"https:\/\/www.machmakerdr.com\/fr\/fabrication\/\" \/>\n<meta property=\"og:locale\" content=\"fr_FR\" \/>\n<meta property=\"og:type\" content=\"article\" \/>\n<meta property=\"og:title\" content=\"Fabrication - MachMaker\" \/>\n<meta property=\"og:description\" content=\"MANUFACTURIERS Ne vous limitez pas ! Nous sommes experts dans la r\u00e9alisation de ces id\u00e9es que vous pensez difficiles \u00e0 concr\u00e9tiser. Anterior Siguiente https:\/\/www.youtube.com\/watch?v=FdCU9NqcShQ Vous avez un probl\u00e8me ? Si vous avez un probl\u00e8me ou une id\u00e9e et que vous ne savez pas comment la d\u00e9velopper ou que vous avez besoin de conseils, demandez une [&hellip;]\" \/>\n<meta property=\"og:url\" content=\"https:\/\/www.machmakerdr.com\/fr\/fabrication\/\" \/>\n<meta property=\"og:site_name\" content=\"MachMaker\" \/>\n<meta property=\"article:publisher\" content=\"https:\/\/www.facebook.com\/machmaker.dr\" \/>\n<meta property=\"article:modified_time\" content=\"2022-12-14T12:57:16+00:00\" \/>\n<meta property=\"og:image\" content=\"https:\/\/machmakerdr.saturncube.com\/wp-content\/uploads\/2022\/06\/162.jpg\" \/>\n<meta name=\"twitter:card\" content=\"summary_large_image\" \/>\n<script type=\"application\/ld+json\" class=\"yoast-schema-graph\">{\"@context\":\"https:\/\/schema.org\",\"@graph\":[{\"@type\":\"WebPage\",\"@id\":\"https:\/\/www.machmakerdr.com\/fr\/fabrication\/\",\"url\":\"https:\/\/www.machmakerdr.com\/fr\/fabrication\/\",\"name\":\"Fabrication - MachMaker\",\"isPartOf\":{\"@id\":\"https:\/\/www.machmakerdr.com\/fr\/#website\"},\"primaryImageOfPage\":{\"@id\":\"https:\/\/www.machmakerdr.com\/fr\/fabrication\/#primaryimage\"},\"image\":{\"@id\":\"https:\/\/www.machmakerdr.com\/fr\/fabrication\/#primaryimage\"},\"thumbnailUrl\":\"https:\/\/machmakerdr.saturncube.com\/wp-content\/uploads\/2022\/06\/162.jpg\",\"datePublished\":\"2022-06-13T21:16:34+00:00\",\"dateModified\":\"2022-12-14T12:57:16+00:00\",\"breadcrumb\":{\"@id\":\"https:\/\/www.machmakerdr.com\/fr\/fabrication\/#breadcrumb\"},\"inLanguage\":\"fr-FR\",\"potentialAction\":[{\"@type\":\"ReadAction\",\"target\":[\"https:\/\/www.machmakerdr.com\/fr\/fabrication\/\"]}]},{\"@type\":\"ImageObject\",\"inLanguage\":\"fr-FR\",\"@id\":\"https:\/\/www.machmakerdr.com\/fr\/fabrication\/#primaryimage\",\"url\":\"https:\/\/machmakerdr.saturncube.com\/wp-content\/uploads\/2022\/06\/162.jpg\",\"contentUrl\":\"https:\/\/machmakerdr.saturncube.com\/wp-content\/uploads\/2022\/06\/162.jpg\"},{\"@type\":\"BreadcrumbList\",\"@id\":\"https:\/\/www.machmakerdr.com\/fr\/fabrication\/#breadcrumb\",\"itemListElement\":[{\"@type\":\"ListItem\",\"position\":1,\"name\":\"Portada\",\"item\":\"https:\/\/www.machmakerdr.com\/fr\/\"},{\"@type\":\"ListItem\",\"position\":2,\"name\":\"Fabrication\"}]},{\"@type\":\"WebSite\",\"@id\":\"https:\/\/www.machmakerdr.com\/fr\/#website\",\"url\":\"https:\/\/www.machmakerdr.com\/fr\/\",\"name\":\"MachMaker\",\"description\":\"Services industriels\",\"publisher\":{\"@id\":\"https:\/\/www.machmakerdr.com\/fr\/#organization\"},\"potentialAction\":[{\"@type\":\"SearchAction\",\"target\":{\"@type\":\"EntryPoint\",\"urlTemplate\":\"https:\/\/www.machmakerdr.com\/fr\/?s={search_term_string}\"},\"query-input\":{\"@type\":\"PropertyValueSpecification\",\"valueRequired\":true,\"valueName\":\"search_term_string\"}}],\"inLanguage\":\"fr-FR\"},{\"@type\":\"Organization\",\"@id\":\"https:\/\/www.machmakerdr.com\/fr\/#organization\",\"name\":\"MachMaker\",\"url\":\"https:\/\/www.machmakerdr.com\/fr\/\",\"logo\":{\"@type\":\"ImageObject\",\"inLanguage\":\"fr-FR\",\"@id\":\"https:\/\/www.machmakerdr.com\/fr\/#\/schema\/logo\/image\/\",\"url\":\"https:\/\/www.machmakerdr.com\/wp-content\/uploads\/2020\/02\/Machmaker-Logo-horizontal_Mesa-de-trabajo-1-copia.png\",\"contentUrl\":\"https:\/\/www.machmakerdr.com\/wp-content\/uploads\/2020\/02\/Machmaker-Logo-horizontal_Mesa-de-trabajo-1-copia.png\",\"width\":3300,\"height\":884,\"caption\":\"MachMaker\"},\"image\":{\"@id\":\"https:\/\/www.machmakerdr.com\/fr\/#\/schema\/logo\/image\/\"},\"sameAs\":[\"https:\/\/www.facebook.com\/machmaker.dr\",\"https:\/\/www.instagram.com\/machmaker.dr\/\"]}]}<\/script>\n<!-- \/ Yoast SEO plugin. -->","yoast_head_json":{"title":"Fabrication - MachMaker","robots":{"index":"index","follow":"follow","max-snippet":"max-snippet:-1","max-image-preview":"max-image-preview:large","max-video-preview":"max-video-preview:-1"},"canonical":"https:\/\/www.machmakerdr.com\/fr\/fabrication\/","og_locale":"fr_FR","og_type":"article","og_title":"Fabrication - MachMaker","og_description":"MANUFACTURIERS Ne vous limitez pas ! Nous sommes experts dans la r\u00e9alisation de ces id\u00e9es que vous pensez difficiles \u00e0 concr\u00e9tiser. Anterior Siguiente https:\/\/www.youtube.com\/watch?v=FdCU9NqcShQ Vous avez un probl\u00e8me ? Si vous avez un probl\u00e8me ou une id\u00e9e et que vous ne savez pas comment la d\u00e9velopper ou que vous avez besoin de conseils, demandez une [&hellip;]","og_url":"https:\/\/www.machmakerdr.com\/fr\/fabrication\/","og_site_name":"MachMaker","article_publisher":"https:\/\/www.facebook.com\/machmaker.dr","article_modified_time":"2022-12-14T12:57:16+00:00","og_image":[{"url":"https:\/\/machmakerdr.saturncube.com\/wp-content\/uploads\/2022\/06\/162.jpg","type":"","width":"","height":""}],"twitter_card":"summary_large_image","schema":{"@context":"https:\/\/schema.org","@graph":[{"@type":"WebPage","@id":"https:\/\/www.machmakerdr.com\/fr\/fabrication\/","url":"https:\/\/www.machmakerdr.com\/fr\/fabrication\/","name":"Fabrication - MachMaker","isPartOf":{"@id":"https:\/\/www.machmakerdr.com\/fr\/#website"},"primaryImageOfPage":{"@id":"https:\/\/www.machmakerdr.com\/fr\/fabrication\/#primaryimage"},"image":{"@id":"https:\/\/www.machmakerdr.com\/fr\/fabrication\/#primaryimage"},"thumbnailUrl":"https:\/\/machmakerdr.saturncube.com\/wp-content\/uploads\/2022\/06\/162.jpg","datePublished":"2022-06-13T21:16:34+00:00","dateModified":"2022-12-14T12:57:16+00:00","breadcrumb":{"@id":"https:\/\/www.machmakerdr.com\/fr\/fabrication\/#breadcrumb"},"inLanguage":"fr-FR","potentialAction":[{"@type":"ReadAction","target":["https:\/\/www.machmakerdr.com\/fr\/fabrication\/"]}]},{"@type":"ImageObject","inLanguage":"fr-FR","@id":"https:\/\/www.machmakerdr.com\/fr\/fabrication\/#primaryimage","url":"https:\/\/machmakerdr.saturncube.com\/wp-content\/uploads\/2022\/06\/162.jpg","contentUrl":"https:\/\/machmakerdr.saturncube.com\/wp-content\/uploads\/2022\/06\/162.jpg"},{"@type":"BreadcrumbList","@id":"https:\/\/www.machmakerdr.com\/fr\/fabrication\/#breadcrumb","itemListElement":[{"@type":"ListItem","position":1,"name":"Portada","item":"https:\/\/www.machmakerdr.com\/fr\/"},{"@type":"ListItem","position":2,"name":"Fabrication"}]},{"@type":"WebSite","@id":"https:\/\/www.machmakerdr.com\/fr\/#website","url":"https:\/\/www.machmakerdr.com\/fr\/","name":"MachMaker","description":"Services industriels","publisher":{"@id":"https:\/\/www.machmakerdr.com\/fr\/#organization"},"potentialAction":[{"@type":"SearchAction","target":{"@type":"EntryPoint","urlTemplate":"https:\/\/www.machmakerdr.com\/fr\/?s={search_term_string}"},"query-input":{"@type":"PropertyValueSpecification","valueRequired":true,"valueName":"search_term_string"}}],"inLanguage":"fr-FR"},{"@type":"Organization","@id":"https:\/\/www.machmakerdr.com\/fr\/#organization","name":"MachMaker","url":"https:\/\/www.machmakerdr.com\/fr\/","logo":{"@type":"ImageObject","inLanguage":"fr-FR","@id":"https:\/\/www.machmakerdr.com\/fr\/#\/schema\/logo\/image\/","url":"https:\/\/www.machmakerdr.com\/wp-content\/uploads\/2020\/02\/Machmaker-Logo-horizontal_Mesa-de-trabajo-1-copia.png","contentUrl":"https:\/\/www.machmakerdr.com\/wp-content\/uploads\/2020\/02\/Machmaker-Logo-horizontal_Mesa-de-trabajo-1-copia.png","width":3300,"height":884,"caption":"MachMaker"},"image":{"@id":"https:\/\/www.machmakerdr.com\/fr\/#\/schema\/logo\/image\/"},"sameAs":["https:\/\/www.facebook.com\/machmaker.dr","https:\/\/www.instagram.com\/machmaker.dr\/"]}]}},"_links":{"self":[{"href":"https:\/\/www.machmakerdr.com\/fr\/wp-json\/wp\/v2\/pages\/4874","targetHints":{"allow":["GET"]}}],"collection":[{"href":"https:\/\/www.machmakerdr.com\/fr\/wp-json\/wp\/v2\/pages"}],"about":[{"href":"https:\/\/www.machmakerdr.com\/fr\/wp-json\/wp\/v2\/types\/page"}],"author":[{"embeddable":true,"href":"https:\/\/www.machmakerdr.com\/fr\/wp-json\/wp\/v2\/users\/1"}],"replies":[{"embeddable":true,"href":"https:\/\/www.machmakerdr.com\/fr\/wp-json\/wp\/v2\/comments?post=4874"}],"version-history":[{"count":0,"href":"https:\/\/www.machmakerdr.com\/fr\/wp-json\/wp\/v2\/pages\/4874\/revisions"}],"wp:attachment":[{"href":"https:\/\/www.machmakerdr.com\/fr\/wp-json\/wp\/v2\/media?parent=4874"}],"curies":[{"name":"wp","href":"https:\/\/api.w.org\/{rel}","templated":true}]}}