{"id":5421,"date":"2022-11-10T19:37:29","date_gmt":"2022-11-10T19:37:29","guid":{"rendered":"https:\/\/machmakerdr.saturncube.com\/producto\/ecrou-t-fente\/"},"modified":"2022-11-10T19:37:29","modified_gmt":"2022-11-10T19:37:29","slug":"ecrou-fente","status":"publish","type":"product","link":"https:\/\/www.machmakerdr.com\/fr\/boutique\/ecrou-fente\/","title":{"rendered":"Ecrou t &#8211; fente"},"content":{"rendered":"<ul class=\"a-unordered-list a-vertical a-spacing-mini\">\n<li><span class=\"a-list-item\">Filets : M5 , M6, M8<\/span><\/li>\n<li><span class=\"a-list-item\">Pouvant \u00eatre plac\u00e9s directement dans le trou de la fente en aluminium \u00e0 n&#8217;importe quel point de montage, ces \u00e9crous en T fonctionnent bien sur les diff\u00e9rents profils en aluminium extrud\u00e9.<\/span><\/li>\n<li><span class=\"a-list-item\">Mat\u00e9riau : Acier inoxydable de haute qualit\u00e9, ces \u00e9crous de montage arri\u00e8re ont une duret\u00e9 \u00e9lev\u00e9e et une longue dur\u00e9e de vie et une bonne r\u00e9sistance \u00e0 la corrosion. La boule \u00e0 ressort peut \u00eatre fix\u00e9e en position, ce qui rend l&#8217;installation tr\u00e8s simple et fiable.<\/span><\/li>\n<li><span class=\"a-list-item\">Les \u00e9crous en T \u00e0 bille de ressort sont dot\u00e9s de filets propres et peuvent s&#8217;ins\u00e9rer directement dans le trou oblong en aluminium de n&#8217;importe quel point de montage, ce qui vous facilite la t\u00e2che.<\/span><\/li>\n<li><span class=\"a-list-item\">Les \u00e9crous en T pour profil\u00e9s en aluminium de la s\u00e9rie 2020, 4040 sont largement utilis\u00e9s pour la construction de structures industrielles en aluminium, d&#8217;imprimantes 3D, de routeurs CNC, de d\u00e9coupeuses laser CNC, de projets robotiques, de machines \u00e0 sculpter 3D, de protections de machines, de postes de travail, etc.<\/span><\/li>\n<\/ul>\n","protected":false},"excerpt":{"rendered":"<p>Filets : M5 , M6, M8 Pouvant \u00eatre plac\u00e9s directement dans le trou de la fente en aluminium \u00e0 n&#8217;importe quel point de montage, ces \u00e9crous en T fonctionnent bien sur les diff\u00e9rents profils en aluminium extrud\u00e9. Mat\u00e9riau : Acier inoxydable de haute qualit\u00e9, ces \u00e9crous de montage arri\u00e8re ont une duret\u00e9 \u00e9lev\u00e9e et une [&hellip;]<\/p>\n","protected":false},"featured_media":4727,"template":"","meta":{"site-sidebar-layout":"default","site-content-layout":"default","ast-site-content-layout":"default","site-content-style":"default","site-sidebar-style":"default","ast-global-header-display":"","ast-banner-title-visibility":"","ast-main-header-display":"","ast-hfb-above-header-display":"","ast-hfb-below-header-display":"","ast-hfb-mobile-header-display":"","site-post-title":"","ast-breadcrumbs-content":"","ast-featured-img":"","footer-sml-layout":"","theme-transparent-header-meta":"default","adv-header-id-meta":"","stick-header-meta":"","header-above-stick-meta":"","header-main-stick-meta":"","header-below-stick-meta":"","astra-migrate-meta-layouts":"default","ast-page-background-enabled":"default","ast-page-background-meta":{"desktop":{"background-color":"var(--ast-global-color-4)","background-image":"","background-repeat":"repeat","background-position":"center center","background-size":"auto","background-attachment":"scroll","background-type":"","background-media":"","overlay-type":"","overlay-color":"","overlay-opacity":"","overlay-gradient":""},"tablet":{"background-color":"","background-image":"","background-repeat":"repeat","background-position":"center center","background-size":"auto","background-attachment":"scroll","background-type":"","background-media":"","overlay-type":"","overlay-color":"","overlay-opacity":"","overlay-gradient":""},"mobile":{"background-color":"","background-image":"","background-repeat":"repeat","background-position":"center center","background-size":"auto","background-attachment":"scroll","background-type":"","background-media":"","overlay-type":"","overlay-color":"","overlay-opacity":"","overlay-gradient":""}},"ast-content-background-meta":{"desktop":{"background-color":"var(--ast-global-color-5)","background-image":"","background-repeat":"repeat","background-position":"center center","background-size":"auto","background-attachment":"scroll","background-type":"","background-media":"","overlay-type":"","overlay-color":"","overlay-opacity":"","overlay-gradient":""},"tablet":{"background-color":"var(--ast-global-color-5)","background-image":"","background-repeat":"repeat","background-position":"center center","background-size":"auto","background-attachment":"scroll","background-type":"","background-media":"","overlay-type":"","overlay-color":"","overlay-opacity":"","overlay-gradient":""},"mobile":{"background-color":"var(--ast-global-color-5)","background-image":"","background-repeat":"repeat","background-position":"center center","background-size":"auto","background-attachment":"scroll","background-type":"","background-media":"","overlay-type":"","overlay-color":"","overlay-opacity":"","overlay-gradient":""}}},"product_brand":[],"product_cat":[156,144],"product_tag":[],"class_list":{"0":"post-5421","1":"product","2":"type-product","3":"status-publish","4":"has-post-thumbnail","6":"product_cat-perfilerias-y-accesorios-fr-2","7":"product_cat-tuercas-para-perfil-fr","8":"desktop-align-left","9":"tablet-align-left","10":"mobile-align-left","12":"first","13":"instock","14":"sale","15":"taxable","16":"shipping-taxable","17":"purchasable","18":"product-type-variable"},"yoast_head":"<!-- This site is optimized with the Yoast SEO plugin v25.5 - https:\/\/yoast.com\/wordpress\/plugins\/seo\/ -->\n<title>Ecrou t - fente - MachMaker<\/title>\n<meta name=\"robots\" content=\"index, follow, max-snippet:-1, max-image-preview:large, max-video-preview:-1\" \/>\n<link rel=\"canonical\" href=\"https:\/\/www.machmakerdr.com\/fr\/boutique\/ecrou-fente\/\" \/>\n<meta property=\"og:locale\" content=\"fr_FR\" \/>\n<meta property=\"og:type\" content=\"article\" \/>\n<meta property=\"og:title\" content=\"Ecrou t - fente - MachMaker\" \/>\n<meta property=\"og:description\" content=\"Filets : M5 , M6, M8 Pouvant \u00eatre plac\u00e9s directement dans le trou de la fente en aluminium \u00e0 n&#8217;importe quel point de montage, ces \u00e9crous en T fonctionnent bien sur les diff\u00e9rents profils en aluminium extrud\u00e9. Mat\u00e9riau : Acier inoxydable de haute qualit\u00e9, ces \u00e9crous de montage arri\u00e8re ont une duret\u00e9 \u00e9lev\u00e9e et une [&hellip;]\" \/>\n<meta property=\"og:url\" content=\"https:\/\/www.machmakerdr.com\/fr\/boutique\/ecrou-fente\/\" \/>\n<meta property=\"og:site_name\" content=\"MachMaker\" \/>\n<meta property=\"article:publisher\" content=\"https:\/\/www.facebook.com\/machmaker.dr\" \/>\n<meta property=\"og:image\" content=\"https:\/\/www.machmakerdr.com\/wp-content\/uploads\/2022\/11\/tuerca-T-slot.jpg\" \/>\n\t<meta property=\"og:image:width\" content=\"400\" \/>\n\t<meta property=\"og:image:height\" content=\"400\" \/>\n\t<meta property=\"og:image:type\" content=\"image\/jpeg\" \/>\n<meta name=\"twitter:card\" content=\"summary_large_image\" \/>\n<meta name=\"twitter:label1\" content=\"Est. reading time\" \/>\n\t<meta name=\"twitter:data1\" content=\"1 minute\" \/>\n<script type=\"application\/ld+json\" class=\"yoast-schema-graph\">{\"@context\":\"https:\/\/schema.org\",\"@graph\":[{\"@type\":\"WebPage\",\"@id\":\"https:\/\/www.machmakerdr.com\/fr\/boutique\/ecrou-fente\/\",\"url\":\"https:\/\/www.machmakerdr.com\/fr\/boutique\/ecrou-fente\/\",\"name\":\"Ecrou t - fente - MachMaker\",\"isPartOf\":{\"@id\":\"https:\/\/www.machmakerdr.com\/fr\/#website\"},\"primaryImageOfPage\":{\"@id\":\"https:\/\/www.machmakerdr.com\/fr\/boutique\/ecrou-fente\/#primaryimage\"},\"image\":{\"@id\":\"https:\/\/www.machmakerdr.com\/fr\/boutique\/ecrou-fente\/#primaryimage\"},\"thumbnailUrl\":\"https:\/\/www.machmakerdr.com\/wp-content\/uploads\/2022\/11\/tuerca-T-slot.jpg\",\"datePublished\":\"2022-11-10T19:37:29+00:00\",\"breadcrumb\":{\"@id\":\"https:\/\/www.machmakerdr.com\/fr\/boutique\/ecrou-fente\/#breadcrumb\"},\"inLanguage\":\"fr-FR\",\"potentialAction\":[{\"@type\":\"ReadAction\",\"target\":[\"https:\/\/www.machmakerdr.com\/fr\/boutique\/ecrou-fente\/\"]}]},{\"@type\":\"ImageObject\",\"inLanguage\":\"fr-FR\",\"@id\":\"https:\/\/www.machmakerdr.com\/fr\/boutique\/ecrou-fente\/#primaryimage\",\"url\":\"https:\/\/www.machmakerdr.com\/wp-content\/uploads\/2022\/11\/tuerca-T-slot.jpg\",\"contentUrl\":\"https:\/\/www.machmakerdr.com\/wp-content\/uploads\/2022\/11\/tuerca-T-slot.jpg\",\"width\":400,\"height\":400},{\"@type\":\"BreadcrumbList\",\"@id\":\"https:\/\/www.machmakerdr.com\/fr\/boutique\/ecrou-fente\/#breadcrumb\",\"itemListElement\":[{\"@type\":\"ListItem\",\"position\":1,\"name\":\"Portada\",\"item\":\"https:\/\/www.machmakerdr.com\/fr\/\"},{\"@type\":\"ListItem\",\"position\":2,\"name\":\"Shop\",\"item\":\"https:\/\/www.machmakerdr.com\/tienda\/\"},{\"@type\":\"ListItem\",\"position\":3,\"name\":\"Ecrou t &#8211; fente\"}]},{\"@type\":\"WebSite\",\"@id\":\"https:\/\/www.machmakerdr.com\/fr\/#website\",\"url\":\"https:\/\/www.machmakerdr.com\/fr\/\",\"name\":\"MachMaker\",\"description\":\"Services industriels\",\"publisher\":{\"@id\":\"https:\/\/www.machmakerdr.com\/fr\/#organization\"},\"potentialAction\":[{\"@type\":\"SearchAction\",\"target\":{\"@type\":\"EntryPoint\",\"urlTemplate\":\"https:\/\/www.machmakerdr.com\/fr\/?s={search_term_string}\"},\"query-input\":{\"@type\":\"PropertyValueSpecification\",\"valueRequired\":true,\"valueName\":\"search_term_string\"}}],\"inLanguage\":\"fr-FR\"},{\"@type\":\"Organization\",\"@id\":\"https:\/\/www.machmakerdr.com\/fr\/#organization\",\"name\":\"MachMaker\",\"url\":\"https:\/\/www.machmakerdr.com\/fr\/\",\"logo\":{\"@type\":\"ImageObject\",\"inLanguage\":\"fr-FR\",\"@id\":\"https:\/\/www.machmakerdr.com\/fr\/#\/schema\/logo\/image\/\",\"url\":\"https:\/\/www.machmakerdr.com\/wp-content\/uploads\/2020\/02\/Machmaker-Logo-horizontal_Mesa-de-trabajo-1-copia.png\",\"contentUrl\":\"https:\/\/www.machmakerdr.com\/wp-content\/uploads\/2020\/02\/Machmaker-Logo-horizontal_Mesa-de-trabajo-1-copia.png\",\"width\":3300,\"height\":884,\"caption\":\"MachMaker\"},\"image\":{\"@id\":\"https:\/\/www.machmakerdr.com\/fr\/#\/schema\/logo\/image\/\"},\"sameAs\":[\"https:\/\/www.facebook.com\/machmaker.dr\",\"https:\/\/www.instagram.com\/machmaker.dr\/\"]}]}<\/script>\n<!-- \/ Yoast SEO plugin. -->","yoast_head_json":{"title":"Ecrou t - fente - MachMaker","robots":{"index":"index","follow":"follow","max-snippet":"max-snippet:-1","max-image-preview":"max-image-preview:large","max-video-preview":"max-video-preview:-1"},"canonical":"https:\/\/www.machmakerdr.com\/fr\/boutique\/ecrou-fente\/","og_locale":"fr_FR","og_type":"article","og_title":"Ecrou t - fente - MachMaker","og_description":"Filets : M5 , M6, M8 Pouvant \u00eatre plac\u00e9s directement dans le trou de la fente en aluminium \u00e0 n&#8217;importe quel point de montage, ces \u00e9crous en T fonctionnent bien sur les diff\u00e9rents profils en aluminium extrud\u00e9. Mat\u00e9riau : Acier inoxydable de haute qualit\u00e9, ces \u00e9crous de montage arri\u00e8re ont une duret\u00e9 \u00e9lev\u00e9e et une [&hellip;]","og_url":"https:\/\/www.machmakerdr.com\/fr\/boutique\/ecrou-fente\/","og_site_name":"MachMaker","article_publisher":"https:\/\/www.facebook.com\/machmaker.dr","og_image":[{"width":400,"height":400,"url":"https:\/\/www.machmakerdr.com\/wp-content\/uploads\/2022\/11\/tuerca-T-slot.jpg","type":"image\/jpeg"}],"twitter_card":"summary_large_image","twitter_misc":{"Est. reading time":"1 minute"},"schema":{"@context":"https:\/\/schema.org","@graph":[{"@type":"WebPage","@id":"https:\/\/www.machmakerdr.com\/fr\/boutique\/ecrou-fente\/","url":"https:\/\/www.machmakerdr.com\/fr\/boutique\/ecrou-fente\/","name":"Ecrou t - fente - MachMaker","isPartOf":{"@id":"https:\/\/www.machmakerdr.com\/fr\/#website"},"primaryImageOfPage":{"@id":"https:\/\/www.machmakerdr.com\/fr\/boutique\/ecrou-fente\/#primaryimage"},"image":{"@id":"https:\/\/www.machmakerdr.com\/fr\/boutique\/ecrou-fente\/#primaryimage"},"thumbnailUrl":"https:\/\/www.machmakerdr.com\/wp-content\/uploads\/2022\/11\/tuerca-T-slot.jpg","datePublished":"2022-11-10T19:37:29+00:00","breadcrumb":{"@id":"https:\/\/www.machmakerdr.com\/fr\/boutique\/ecrou-fente\/#breadcrumb"},"inLanguage":"fr-FR","potentialAction":[{"@type":"ReadAction","target":["https:\/\/www.machmakerdr.com\/fr\/boutique\/ecrou-fente\/"]}]},{"@type":"ImageObject","inLanguage":"fr-FR","@id":"https:\/\/www.machmakerdr.com\/fr\/boutique\/ecrou-fente\/#primaryimage","url":"https:\/\/www.machmakerdr.com\/wp-content\/uploads\/2022\/11\/tuerca-T-slot.jpg","contentUrl":"https:\/\/www.machmakerdr.com\/wp-content\/uploads\/2022\/11\/tuerca-T-slot.jpg","width":400,"height":400},{"@type":"BreadcrumbList","@id":"https:\/\/www.machmakerdr.com\/fr\/boutique\/ecrou-fente\/#breadcrumb","itemListElement":[{"@type":"ListItem","position":1,"name":"Portada","item":"https:\/\/www.machmakerdr.com\/fr\/"},{"@type":"ListItem","position":2,"name":"Shop","item":"https:\/\/www.machmakerdr.com\/tienda\/"},{"@type":"ListItem","position":3,"name":"Ecrou t &#8211; fente"}]},{"@type":"WebSite","@id":"https:\/\/www.machmakerdr.com\/fr\/#website","url":"https:\/\/www.machmakerdr.com\/fr\/","name":"MachMaker","description":"Services industriels","publisher":{"@id":"https:\/\/www.machmakerdr.com\/fr\/#organization"},"potentialAction":[{"@type":"SearchAction","target":{"@type":"EntryPoint","urlTemplate":"https:\/\/www.machmakerdr.com\/fr\/?s={search_term_string}"},"query-input":{"@type":"PropertyValueSpecification","valueRequired":true,"valueName":"search_term_string"}}],"inLanguage":"fr-FR"},{"@type":"Organization","@id":"https:\/\/www.machmakerdr.com\/fr\/#organization","name":"MachMaker","url":"https:\/\/www.machmakerdr.com\/fr\/","logo":{"@type":"ImageObject","inLanguage":"fr-FR","@id":"https:\/\/www.machmakerdr.com\/fr\/#\/schema\/logo\/image\/","url":"https:\/\/www.machmakerdr.com\/wp-content\/uploads\/2020\/02\/Machmaker-Logo-horizontal_Mesa-de-trabajo-1-copia.png","contentUrl":"https:\/\/www.machmakerdr.com\/wp-content\/uploads\/2020\/02\/Machmaker-Logo-horizontal_Mesa-de-trabajo-1-copia.png","width":3300,"height":884,"caption":"MachMaker"},"image":{"@id":"https:\/\/www.machmakerdr.com\/fr\/#\/schema\/logo\/image\/"},"sameAs":["https:\/\/www.facebook.com\/machmaker.dr","https:\/\/www.instagram.com\/machmaker.dr\/"]}]}},"_links":{"self":[{"href":"https:\/\/www.machmakerdr.com\/fr\/wp-json\/wp\/v2\/product\/5421","targetHints":{"allow":["GET"]}}],"collection":[{"href":"https:\/\/www.machmakerdr.com\/fr\/wp-json\/wp\/v2\/product"}],"about":[{"href":"https:\/\/www.machmakerdr.com\/fr\/wp-json\/wp\/v2\/types\/product"}],"wp:featuredmedia":[{"embeddable":true,"href":"https:\/\/www.machmakerdr.com\/fr\/wp-json\/wp\/v2\/media\/4727"}],"wp:attachment":[{"href":"https:\/\/www.machmakerdr.com\/fr\/wp-json\/wp\/v2\/media?parent=5421"}],"wp:term":[{"taxonomy":"product_brand","embeddable":true,"href":"https:\/\/www.machmakerdr.com\/fr\/wp-json\/wp\/v2\/product_brand?post=5421"},{"taxonomy":"product_cat","embeddable":true,"href":"https:\/\/www.machmakerdr.com\/fr\/wp-json\/wp\/v2\/product_cat?post=5421"},{"taxonomy":"product_tag","embeddable":true,"href":"https:\/\/www.machmakerdr.com\/fr\/wp-json\/wp\/v2\/product_tag?post=5421"}],"curies":[{"name":"wp","href":"https:\/\/api.w.org\/{rel}","templated":true}]}}