{"id":5526,"date":"2022-11-02T01:00:24","date_gmt":"2022-11-02T01:00:24","guid":{"rendered":"https:\/\/machmakerdr.saturncube.com\/producto\/base-magnetique\/"},"modified":"2022-11-02T01:00:24","modified_gmt":"2022-11-02T01:00:24","slug":"base-magnetique","status":"publish","type":"product","link":"https:\/\/www.machmakerdr.com\/fr\/boutique\/base-magnetique\/","title":{"rendered":"Base magn\u00e9tique"},"content":{"rendered":"<p>Base magn\u00e9tique avec r\u00e9glage fin, Force magn\u00e9tique 60 Kg<\/p>\n","protected":false},"excerpt":{"rendered":"<p>Base magn\u00e9tique<\/p>\n","protected":false},"featured_media":6376,"template":"","meta":{"site-sidebar-layout":"default","site-content-layout":"default","ast-site-content-layout":"default","site-content-style":"default","site-sidebar-style":"default","ast-global-header-display":"","ast-banner-title-visibility":"","ast-main-header-display":"","ast-hfb-above-header-display":"","ast-hfb-below-header-display":"","ast-hfb-mobile-header-display":"","site-post-title":"","ast-breadcrumbs-content":"","ast-featured-img":"","footer-sml-layout":"","theme-transparent-header-meta":"","adv-header-id-meta":"","stick-header-meta":"","header-above-stick-meta":"","header-main-stick-meta":"","header-below-stick-meta":"","astra-migrate-meta-layouts":"default","ast-page-background-enabled":"default","ast-page-background-meta":{"desktop":{"background-color":"var(--ast-global-color-4)","background-image":"","background-repeat":"repeat","background-position":"center center","background-size":"auto","background-attachment":"scroll","background-type":"","background-media":"","overlay-type":"","overlay-color":"","overlay-opacity":"","overlay-gradient":""},"tablet":{"background-color":"","background-image":"","background-repeat":"repeat","background-position":"center center","background-size":"auto","background-attachment":"scroll","background-type":"","background-media":"","overlay-type":"","overlay-color":"","overlay-opacity":"","overlay-gradient":""},"mobile":{"background-color":"","background-image":"","background-repeat":"repeat","background-position":"center center","background-size":"auto","background-attachment":"scroll","background-type":"","background-media":"","overlay-type":"","overlay-color":"","overlay-opacity":"","overlay-gradient":""}},"ast-content-background-meta":{"desktop":{"background-color":"var(--ast-global-color-5)","background-image":"","background-repeat":"repeat","background-position":"center center","background-size":"auto","background-attachment":"scroll","background-type":"","background-media":"","overlay-type":"","overlay-color":"","overlay-opacity":"","overlay-gradient":""},"tablet":{"background-color":"var(--ast-global-color-5)","background-image":"","background-repeat":"repeat","background-position":"center center","background-size":"auto","background-attachment":"scroll","background-type":"","background-media":"","overlay-type":"","overlay-color":"","overlay-opacity":"","overlay-gradient":""},"mobile":{"background-color":"var(--ast-global-color-5)","background-image":"","background-repeat":"repeat","background-position":"center center","background-size":"auto","background-attachment":"scroll","background-type":"","background-media":"","overlay-type":"","overlay-color":"","overlay-opacity":"","overlay-gradient":""}}},"product_brand":[],"product_cat":[90,159,234],"product_tag":[],"class_list":{"0":"post-5526","1":"product","2":"type-product","3":"status-publish","4":"has-post-thumbnail","6":"product_cat-dasqua-fr","7":"product_cat-other-fr","8":"product_cat-plus-de","9":"desktop-align-left","10":"tablet-align-left","11":"mobile-align-left","13":"first","14":"instock","15":"taxable","16":"shipping-taxable","17":"purchasable","18":"product-type-simple"},"yoast_head":"<!-- This site is optimized with the Yoast SEO plugin v25.5 - https:\/\/yoast.com\/wordpress\/plugins\/seo\/ -->\n<title>Base magn\u00e9tique - MachMaker<\/title>\n<meta name=\"robots\" content=\"index, follow, max-snippet:-1, max-image-preview:large, max-video-preview:-1\" \/>\n<link rel=\"canonical\" href=\"https:\/\/www.machmakerdr.com\/fr\/boutique\/base-magnetique\/\" \/>\n<meta property=\"og:locale\" content=\"fr_FR\" \/>\n<meta property=\"og:type\" content=\"article\" \/>\n<meta property=\"og:title\" content=\"Base magn\u00e9tique - MachMaker\" \/>\n<meta property=\"og:description\" content=\"Base magn\u00e9tique\" \/>\n<meta property=\"og:url\" content=\"https:\/\/www.machmakerdr.com\/fr\/boutique\/base-magnetique\/\" \/>\n<meta property=\"og:site_name\" content=\"MachMaker\" \/>\n<meta property=\"article:publisher\" content=\"https:\/\/www.facebook.com\/machmaker.dr\" \/>\n<meta property=\"og:image\" content=\"https:\/\/www.machmakerdr.com\/wp-content\/uploads\/2023\/01\/37.png\" \/>\n\t<meta property=\"og:image:width\" content=\"1080\" \/>\n\t<meta property=\"og:image:height\" content=\"1080\" \/>\n\t<meta property=\"og:image:type\" content=\"image\/png\" \/>\n<meta name=\"twitter:card\" content=\"summary_large_image\" \/>\n<script type=\"application\/ld+json\" class=\"yoast-schema-graph\">{\"@context\":\"https:\/\/schema.org\",\"@graph\":[{\"@type\":\"WebPage\",\"@id\":\"https:\/\/www.machmakerdr.com\/fr\/boutique\/base-magnetique\/\",\"url\":\"https:\/\/www.machmakerdr.com\/fr\/boutique\/base-magnetique\/\",\"name\":\"Base magn\u00e9tique - MachMaker\",\"isPartOf\":{\"@id\":\"https:\/\/www.machmakerdr.com\/fr\/#website\"},\"primaryImageOfPage\":{\"@id\":\"https:\/\/www.machmakerdr.com\/fr\/boutique\/base-magnetique\/#primaryimage\"},\"image\":{\"@id\":\"https:\/\/www.machmakerdr.com\/fr\/boutique\/base-magnetique\/#primaryimage\"},\"thumbnailUrl\":\"https:\/\/www.machmakerdr.com\/wp-content\/uploads\/2023\/01\/37.png\",\"datePublished\":\"2022-11-02T01:00:24+00:00\",\"breadcrumb\":{\"@id\":\"https:\/\/www.machmakerdr.com\/fr\/boutique\/base-magnetique\/#breadcrumb\"},\"inLanguage\":\"fr-FR\",\"potentialAction\":[{\"@type\":\"ReadAction\",\"target\":[\"https:\/\/www.machmakerdr.com\/fr\/boutique\/base-magnetique\/\"]}]},{\"@type\":\"ImageObject\",\"inLanguage\":\"fr-FR\",\"@id\":\"https:\/\/www.machmakerdr.com\/fr\/boutique\/base-magnetique\/#primaryimage\",\"url\":\"https:\/\/www.machmakerdr.com\/wp-content\/uploads\/2023\/01\/37.png\",\"contentUrl\":\"https:\/\/www.machmakerdr.com\/wp-content\/uploads\/2023\/01\/37.png\",\"width\":1080,\"height\":1080},{\"@type\":\"BreadcrumbList\",\"@id\":\"https:\/\/www.machmakerdr.com\/fr\/boutique\/base-magnetique\/#breadcrumb\",\"itemListElement\":[{\"@type\":\"ListItem\",\"position\":1,\"name\":\"Portada\",\"item\":\"https:\/\/www.machmakerdr.com\/fr\/\"},{\"@type\":\"ListItem\",\"position\":2,\"name\":\"Shop\",\"item\":\"https:\/\/www.machmakerdr.com\/tienda\/\"},{\"@type\":\"ListItem\",\"position\":3,\"name\":\"Base magn\u00e9tique\"}]},{\"@type\":\"WebSite\",\"@id\":\"https:\/\/www.machmakerdr.com\/fr\/#website\",\"url\":\"https:\/\/www.machmakerdr.com\/fr\/\",\"name\":\"MachMaker\",\"description\":\"Services industriels\",\"publisher\":{\"@id\":\"https:\/\/www.machmakerdr.com\/fr\/#organization\"},\"potentialAction\":[{\"@type\":\"SearchAction\",\"target\":{\"@type\":\"EntryPoint\",\"urlTemplate\":\"https:\/\/www.machmakerdr.com\/fr\/?s={search_term_string}\"},\"query-input\":{\"@type\":\"PropertyValueSpecification\",\"valueRequired\":true,\"valueName\":\"search_term_string\"}}],\"inLanguage\":\"fr-FR\"},{\"@type\":\"Organization\",\"@id\":\"https:\/\/www.machmakerdr.com\/fr\/#organization\",\"name\":\"MachMaker\",\"url\":\"https:\/\/www.machmakerdr.com\/fr\/\",\"logo\":{\"@type\":\"ImageObject\",\"inLanguage\":\"fr-FR\",\"@id\":\"https:\/\/www.machmakerdr.com\/fr\/#\/schema\/logo\/image\/\",\"url\":\"https:\/\/www.machmakerdr.com\/wp-content\/uploads\/2020\/02\/Machmaker-Logo-horizontal_Mesa-de-trabajo-1-copia.png\",\"contentUrl\":\"https:\/\/www.machmakerdr.com\/wp-content\/uploads\/2020\/02\/Machmaker-Logo-horizontal_Mesa-de-trabajo-1-copia.png\",\"width\":3300,\"height\":884,\"caption\":\"MachMaker\"},\"image\":{\"@id\":\"https:\/\/www.machmakerdr.com\/fr\/#\/schema\/logo\/image\/\"},\"sameAs\":[\"https:\/\/www.facebook.com\/machmaker.dr\",\"https:\/\/www.instagram.com\/machmaker.dr\/\"]}]}<\/script>\n<!-- \/ Yoast SEO plugin. -->","yoast_head_json":{"title":"Base magn\u00e9tique - MachMaker","robots":{"index":"index","follow":"follow","max-snippet":"max-snippet:-1","max-image-preview":"max-image-preview:large","max-video-preview":"max-video-preview:-1"},"canonical":"https:\/\/www.machmakerdr.com\/fr\/boutique\/base-magnetique\/","og_locale":"fr_FR","og_type":"article","og_title":"Base magn\u00e9tique - MachMaker","og_description":"Base magn\u00e9tique","og_url":"https:\/\/www.machmakerdr.com\/fr\/boutique\/base-magnetique\/","og_site_name":"MachMaker","article_publisher":"https:\/\/www.facebook.com\/machmaker.dr","og_image":[{"width":1080,"height":1080,"url":"https:\/\/www.machmakerdr.com\/wp-content\/uploads\/2023\/01\/37.png","type":"image\/png"}],"twitter_card":"summary_large_image","schema":{"@context":"https:\/\/schema.org","@graph":[{"@type":"WebPage","@id":"https:\/\/www.machmakerdr.com\/fr\/boutique\/base-magnetique\/","url":"https:\/\/www.machmakerdr.com\/fr\/boutique\/base-magnetique\/","name":"Base magn\u00e9tique - MachMaker","isPartOf":{"@id":"https:\/\/www.machmakerdr.com\/fr\/#website"},"primaryImageOfPage":{"@id":"https:\/\/www.machmakerdr.com\/fr\/boutique\/base-magnetique\/#primaryimage"},"image":{"@id":"https:\/\/www.machmakerdr.com\/fr\/boutique\/base-magnetique\/#primaryimage"},"thumbnailUrl":"https:\/\/www.machmakerdr.com\/wp-content\/uploads\/2023\/01\/37.png","datePublished":"2022-11-02T01:00:24+00:00","breadcrumb":{"@id":"https:\/\/www.machmakerdr.com\/fr\/boutique\/base-magnetique\/#breadcrumb"},"inLanguage":"fr-FR","potentialAction":[{"@type":"ReadAction","target":["https:\/\/www.machmakerdr.com\/fr\/boutique\/base-magnetique\/"]}]},{"@type":"ImageObject","inLanguage":"fr-FR","@id":"https:\/\/www.machmakerdr.com\/fr\/boutique\/base-magnetique\/#primaryimage","url":"https:\/\/www.machmakerdr.com\/wp-content\/uploads\/2023\/01\/37.png","contentUrl":"https:\/\/www.machmakerdr.com\/wp-content\/uploads\/2023\/01\/37.png","width":1080,"height":1080},{"@type":"BreadcrumbList","@id":"https:\/\/www.machmakerdr.com\/fr\/boutique\/base-magnetique\/#breadcrumb","itemListElement":[{"@type":"ListItem","position":1,"name":"Portada","item":"https:\/\/www.machmakerdr.com\/fr\/"},{"@type":"ListItem","position":2,"name":"Shop","item":"https:\/\/www.machmakerdr.com\/tienda\/"},{"@type":"ListItem","position":3,"name":"Base magn\u00e9tique"}]},{"@type":"WebSite","@id":"https:\/\/www.machmakerdr.com\/fr\/#website","url":"https:\/\/www.machmakerdr.com\/fr\/","name":"MachMaker","description":"Services industriels","publisher":{"@id":"https:\/\/www.machmakerdr.com\/fr\/#organization"},"potentialAction":[{"@type":"SearchAction","target":{"@type":"EntryPoint","urlTemplate":"https:\/\/www.machmakerdr.com\/fr\/?s={search_term_string}"},"query-input":{"@type":"PropertyValueSpecification","valueRequired":true,"valueName":"search_term_string"}}],"inLanguage":"fr-FR"},{"@type":"Organization","@id":"https:\/\/www.machmakerdr.com\/fr\/#organization","name":"MachMaker","url":"https:\/\/www.machmakerdr.com\/fr\/","logo":{"@type":"ImageObject","inLanguage":"fr-FR","@id":"https:\/\/www.machmakerdr.com\/fr\/#\/schema\/logo\/image\/","url":"https:\/\/www.machmakerdr.com\/wp-content\/uploads\/2020\/02\/Machmaker-Logo-horizontal_Mesa-de-trabajo-1-copia.png","contentUrl":"https:\/\/www.machmakerdr.com\/wp-content\/uploads\/2020\/02\/Machmaker-Logo-horizontal_Mesa-de-trabajo-1-copia.png","width":3300,"height":884,"caption":"MachMaker"},"image":{"@id":"https:\/\/www.machmakerdr.com\/fr\/#\/schema\/logo\/image\/"},"sameAs":["https:\/\/www.facebook.com\/machmaker.dr","https:\/\/www.instagram.com\/machmaker.dr\/"]}]}},"_links":{"self":[{"href":"https:\/\/www.machmakerdr.com\/fr\/wp-json\/wp\/v2\/product\/5526","targetHints":{"allow":["GET"]}}],"collection":[{"href":"https:\/\/www.machmakerdr.com\/fr\/wp-json\/wp\/v2\/product"}],"about":[{"href":"https:\/\/www.machmakerdr.com\/fr\/wp-json\/wp\/v2\/types\/product"}],"wp:featuredmedia":[{"embeddable":true,"href":"https:\/\/www.machmakerdr.com\/fr\/wp-json\/wp\/v2\/media\/6376"}],"wp:attachment":[{"href":"https:\/\/www.machmakerdr.com\/fr\/wp-json\/wp\/v2\/media?parent=5526"}],"wp:term":[{"taxonomy":"product_brand","embeddable":true,"href":"https:\/\/www.machmakerdr.com\/fr\/wp-json\/wp\/v2\/product_brand?post=5526"},{"taxonomy":"product_cat","embeddable":true,"href":"https:\/\/www.machmakerdr.com\/fr\/wp-json\/wp\/v2\/product_cat?post=5526"},{"taxonomy":"product_tag","embeddable":true,"href":"https:\/\/www.machmakerdr.com\/fr\/wp-json\/wp\/v2\/product_tag?post=5526"}],"curies":[{"name":"wp","href":"https:\/\/api.w.org\/{rel}","templated":true}]}}