{"id":5639,"date":"2022-11-10T17:48:41","date_gmt":"2022-11-10T17:48:41","guid":{"rendered":"https:\/\/machmakerdr.saturncube.com\/producto\/vis-allen\/"},"modified":"2022-11-10T17:48:41","modified_gmt":"2022-11-10T17:48:41","slug":"vis-allen","status":"publish","type":"product","link":"https:\/\/www.machmakerdr.com\/fr\/boutique\/vis-allen\/","title":{"rendered":"Vis Allen"},"content":{"rendered":"<ul class=\"a-unordered-list a-vertical a-spacing-mini\">\n<li><span class=\"a-list-item\">Solide et durable : les boulons allen sont fabriqu\u00e9s en acier inoxydable 18-8 (304) de haute qualit\u00e9, qui pr\u00e9sente une r\u00e9sistance \u00e0 la corrosion et un effet antirouille plus \u00e9lev\u00e9s que les boulons ordinaires, une dur\u00e9e de vie plus longue, ne sont pas faciles \u00e0 endommager et sont plus solides.<\/span><\/li>\n<li><span class=\"a-list-item\">Large \u00e9ventail d&#8217;applications : les vis peuvent \u00eatre largement utilis\u00e9es dans les appareils m\u00e9nagers et de bureau, les \u00e9quipements de communication, l&#8217;assemblage de bateaux, l&#8217;industrie m\u00e9canique et les petites r\u00e9parations dans les magasins, les garages ou les fixations de meubles domestiques.<\/span><\/li>\n<li><span class=\"a-list-item\">Emballage \u00e9conomique et facile \u00e0 utiliser : ce paquet de vis \u00e0 t\u00eate ronde contient 20 pi\u00e8ces, id\u00e9ales pour une utilisation \u00e0 la maison, au bureau ou au travail.<\/span><\/li>\n<li><span class=\"a-list-item\">Service intime : nous nous concentrons sur la satisfaction du client, si vous avez des questions ou si vous n&#8217;\u00eates pas satisfait, vous pouvez nous contacter par e-mail, nous r\u00e9soudrons tous vos probl\u00e8mes d\u00e8s que possible.<\/span><\/li>\n<\/ul>\n","protected":false},"excerpt":{"rendered":"<p>Solide et durable : les boulons allen sont fabriqu\u00e9s en acier inoxydable 18-8 (304) de haute qualit\u00e9, qui pr\u00e9sente une r\u00e9sistance \u00e0 la corrosion et un effet antirouille plus \u00e9lev\u00e9s que les boulons ordinaires, une dur\u00e9e de vie plus longue, ne sont pas faciles \u00e0 endommager et sont plus solides. Large \u00e9ventail d&#8217;applications : les [&hellip;]<\/p>\n","protected":false},"featured_media":4725,"template":"","meta":{"site-sidebar-layout":"default","site-content-layout":"default","ast-site-content-layout":"default","site-content-style":"default","site-sidebar-style":"default","ast-global-header-display":"","ast-banner-title-visibility":"","ast-main-header-display":"","ast-hfb-above-header-display":"","ast-hfb-below-header-display":"","ast-hfb-mobile-header-display":"","site-post-title":"","ast-breadcrumbs-content":"","ast-featured-img":"","footer-sml-layout":"","theme-transparent-header-meta":"default","adv-header-id-meta":"","stick-header-meta":"","header-above-stick-meta":"","header-main-stick-meta":"","header-below-stick-meta":"","astra-migrate-meta-layouts":"default","ast-page-background-enabled":"default","ast-page-background-meta":{"desktop":{"background-color":"var(--ast-global-color-4)","background-image":"","background-repeat":"repeat","background-position":"center center","background-size":"auto","background-attachment":"scroll","background-type":"","background-media":"","overlay-type":"","overlay-color":"","overlay-opacity":"","overlay-gradient":""},"tablet":{"background-color":"","background-image":"","background-repeat":"repeat","background-position":"center center","background-size":"auto","background-attachment":"scroll","background-type":"","background-media":"","overlay-type":"","overlay-color":"","overlay-opacity":"","overlay-gradient":""},"mobile":{"background-color":"","background-image":"","background-repeat":"repeat","background-position":"center center","background-size":"auto","background-attachment":"scroll","background-type":"","background-media":"","overlay-type":"","overlay-color":"","overlay-opacity":"","overlay-gradient":""}},"ast-content-background-meta":{"desktop":{"background-color":"var(--ast-global-color-5)","background-image":"","background-repeat":"repeat","background-position":"center center","background-size":"auto","background-attachment":"scroll","background-type":"","background-media":"","overlay-type":"","overlay-color":"","overlay-opacity":"","overlay-gradient":""},"tablet":{"background-color":"var(--ast-global-color-5)","background-image":"","background-repeat":"repeat","background-position":"center center","background-size":"auto","background-attachment":"scroll","background-type":"","background-media":"","overlay-type":"","overlay-color":"","overlay-opacity":"","overlay-gradient":""},"mobile":{"background-color":"var(--ast-global-color-5)","background-image":"","background-repeat":"repeat","background-position":"center center","background-size":"auto","background-attachment":"scroll","background-type":"","background-media":"","overlay-type":"","overlay-color":"","overlay-opacity":"","overlay-gradient":""}}},"product_brand":[],"product_cat":[150],"product_tag":[],"class_list":{"0":"post-5639","1":"product","2":"type-product","3":"status-publish","4":"has-post-thumbnail","6":"product_cat-tornilleria-fr","7":"desktop-align-left","8":"tablet-align-left","9":"mobile-align-left","11":"first","12":"instock","13":"taxable","14":"shipping-taxable","15":"purchasable","16":"product-type-variable","17":"has-default-attributes"},"yoast_head":"<!-- This site is optimized with the Yoast SEO plugin v25.5 - https:\/\/yoast.com\/wordpress\/plugins\/seo\/ -->\n<title>Vis Allen - MachMaker<\/title>\n<meta name=\"robots\" content=\"index, follow, max-snippet:-1, max-image-preview:large, max-video-preview:-1\" \/>\n<link rel=\"canonical\" href=\"https:\/\/www.machmakerdr.com\/fr\/boutique\/vis-allen\/\" \/>\n<meta property=\"og:locale\" content=\"fr_FR\" \/>\n<meta property=\"og:type\" content=\"article\" \/>\n<meta property=\"og:title\" content=\"Vis Allen - MachMaker\" \/>\n<meta property=\"og:description\" content=\"Solide et durable : les boulons allen sont fabriqu\u00e9s en acier inoxydable 18-8 (304) de haute qualit\u00e9, qui pr\u00e9sente une r\u00e9sistance \u00e0 la corrosion et un effet antirouille plus \u00e9lev\u00e9s que les boulons ordinaires, une dur\u00e9e de vie plus longue, ne sont pas faciles \u00e0 endommager et sont plus solides. Large \u00e9ventail d&#8217;applications : les [&hellip;]\" \/>\n<meta property=\"og:url\" content=\"https:\/\/www.machmakerdr.com\/fr\/boutique\/vis-allen\/\" \/>\n<meta property=\"og:site_name\" content=\"MachMaker\" \/>\n<meta property=\"article:publisher\" content=\"https:\/\/www.facebook.com\/machmaker.dr\" \/>\n<meta property=\"og:image\" content=\"https:\/\/www.machmakerdr.com\/wp-content\/uploads\/2022\/11\/tornillo-allen-1.png\" \/>\n\t<meta property=\"og:image:width\" content=\"790\" \/>\n\t<meta property=\"og:image:height\" content=\"500\" \/>\n\t<meta property=\"og:image:type\" content=\"image\/png\" \/>\n<meta name=\"twitter:card\" content=\"summary_large_image\" \/>\n<meta name=\"twitter:label1\" content=\"Est. reading time\" \/>\n\t<meta name=\"twitter:data1\" content=\"1 minute\" \/>\n<script type=\"application\/ld+json\" class=\"yoast-schema-graph\">{\"@context\":\"https:\/\/schema.org\",\"@graph\":[{\"@type\":\"WebPage\",\"@id\":\"https:\/\/www.machmakerdr.com\/fr\/boutique\/vis-allen\/\",\"url\":\"https:\/\/www.machmakerdr.com\/fr\/boutique\/vis-allen\/\",\"name\":\"Vis Allen - MachMaker\",\"isPartOf\":{\"@id\":\"https:\/\/www.machmakerdr.com\/fr\/#website\"},\"primaryImageOfPage\":{\"@id\":\"https:\/\/www.machmakerdr.com\/fr\/boutique\/vis-allen\/#primaryimage\"},\"image\":{\"@id\":\"https:\/\/www.machmakerdr.com\/fr\/boutique\/vis-allen\/#primaryimage\"},\"thumbnailUrl\":\"https:\/\/www.machmakerdr.com\/wp-content\/uploads\/2022\/11\/tornillo-allen-1.png\",\"datePublished\":\"2022-11-10T17:48:41+00:00\",\"breadcrumb\":{\"@id\":\"https:\/\/www.machmakerdr.com\/fr\/boutique\/vis-allen\/#breadcrumb\"},\"inLanguage\":\"fr-FR\",\"potentialAction\":[{\"@type\":\"ReadAction\",\"target\":[\"https:\/\/www.machmakerdr.com\/fr\/boutique\/vis-allen\/\"]}]},{\"@type\":\"ImageObject\",\"inLanguage\":\"fr-FR\",\"@id\":\"https:\/\/www.machmakerdr.com\/fr\/boutique\/vis-allen\/#primaryimage\",\"url\":\"https:\/\/www.machmakerdr.com\/wp-content\/uploads\/2022\/11\/tornillo-allen-1.png\",\"contentUrl\":\"https:\/\/www.machmakerdr.com\/wp-content\/uploads\/2022\/11\/tornillo-allen-1.png\",\"width\":790,\"height\":500},{\"@type\":\"BreadcrumbList\",\"@id\":\"https:\/\/www.machmakerdr.com\/fr\/boutique\/vis-allen\/#breadcrumb\",\"itemListElement\":[{\"@type\":\"ListItem\",\"position\":1,\"name\":\"Portada\",\"item\":\"https:\/\/www.machmakerdr.com\/fr\/\"},{\"@type\":\"ListItem\",\"position\":2,\"name\":\"Shop\",\"item\":\"https:\/\/www.machmakerdr.com\/tienda\/\"},{\"@type\":\"ListItem\",\"position\":3,\"name\":\"Vis Allen\"}]},{\"@type\":\"WebSite\",\"@id\":\"https:\/\/www.machmakerdr.com\/fr\/#website\",\"url\":\"https:\/\/www.machmakerdr.com\/fr\/\",\"name\":\"MachMaker\",\"description\":\"Services industriels\",\"publisher\":{\"@id\":\"https:\/\/www.machmakerdr.com\/fr\/#organization\"},\"potentialAction\":[{\"@type\":\"SearchAction\",\"target\":{\"@type\":\"EntryPoint\",\"urlTemplate\":\"https:\/\/www.machmakerdr.com\/fr\/?s={search_term_string}\"},\"query-input\":{\"@type\":\"PropertyValueSpecification\",\"valueRequired\":true,\"valueName\":\"search_term_string\"}}],\"inLanguage\":\"fr-FR\"},{\"@type\":\"Organization\",\"@id\":\"https:\/\/www.machmakerdr.com\/fr\/#organization\",\"name\":\"MachMaker\",\"url\":\"https:\/\/www.machmakerdr.com\/fr\/\",\"logo\":{\"@type\":\"ImageObject\",\"inLanguage\":\"fr-FR\",\"@id\":\"https:\/\/www.machmakerdr.com\/fr\/#\/schema\/logo\/image\/\",\"url\":\"https:\/\/www.machmakerdr.com\/wp-content\/uploads\/2020\/02\/Machmaker-Logo-horizontal_Mesa-de-trabajo-1-copia.png\",\"contentUrl\":\"https:\/\/www.machmakerdr.com\/wp-content\/uploads\/2020\/02\/Machmaker-Logo-horizontal_Mesa-de-trabajo-1-copia.png\",\"width\":3300,\"height\":884,\"caption\":\"MachMaker\"},\"image\":{\"@id\":\"https:\/\/www.machmakerdr.com\/fr\/#\/schema\/logo\/image\/\"},\"sameAs\":[\"https:\/\/www.facebook.com\/machmaker.dr\",\"https:\/\/www.instagram.com\/machmaker.dr\/\"]}]}<\/script>\n<!-- \/ Yoast SEO plugin. -->","yoast_head_json":{"title":"Vis Allen - MachMaker","robots":{"index":"index","follow":"follow","max-snippet":"max-snippet:-1","max-image-preview":"max-image-preview:large","max-video-preview":"max-video-preview:-1"},"canonical":"https:\/\/www.machmakerdr.com\/fr\/boutique\/vis-allen\/","og_locale":"fr_FR","og_type":"article","og_title":"Vis Allen - MachMaker","og_description":"Solide et durable : les boulons allen sont fabriqu\u00e9s en acier inoxydable 18-8 (304) de haute qualit\u00e9, qui pr\u00e9sente une r\u00e9sistance \u00e0 la corrosion et un effet antirouille plus \u00e9lev\u00e9s que les boulons ordinaires, une dur\u00e9e de vie plus longue, ne sont pas faciles \u00e0 endommager et sont plus solides. Large \u00e9ventail d&#8217;applications : les [&hellip;]","og_url":"https:\/\/www.machmakerdr.com\/fr\/boutique\/vis-allen\/","og_site_name":"MachMaker","article_publisher":"https:\/\/www.facebook.com\/machmaker.dr","og_image":[{"width":790,"height":500,"url":"https:\/\/www.machmakerdr.com\/wp-content\/uploads\/2022\/11\/tornillo-allen-1.png","type":"image\/png"}],"twitter_card":"summary_large_image","twitter_misc":{"Est. reading time":"1 minute"},"schema":{"@context":"https:\/\/schema.org","@graph":[{"@type":"WebPage","@id":"https:\/\/www.machmakerdr.com\/fr\/boutique\/vis-allen\/","url":"https:\/\/www.machmakerdr.com\/fr\/boutique\/vis-allen\/","name":"Vis Allen - MachMaker","isPartOf":{"@id":"https:\/\/www.machmakerdr.com\/fr\/#website"},"primaryImageOfPage":{"@id":"https:\/\/www.machmakerdr.com\/fr\/boutique\/vis-allen\/#primaryimage"},"image":{"@id":"https:\/\/www.machmakerdr.com\/fr\/boutique\/vis-allen\/#primaryimage"},"thumbnailUrl":"https:\/\/www.machmakerdr.com\/wp-content\/uploads\/2022\/11\/tornillo-allen-1.png","datePublished":"2022-11-10T17:48:41+00:00","breadcrumb":{"@id":"https:\/\/www.machmakerdr.com\/fr\/boutique\/vis-allen\/#breadcrumb"},"inLanguage":"fr-FR","potentialAction":[{"@type":"ReadAction","target":["https:\/\/www.machmakerdr.com\/fr\/boutique\/vis-allen\/"]}]},{"@type":"ImageObject","inLanguage":"fr-FR","@id":"https:\/\/www.machmakerdr.com\/fr\/boutique\/vis-allen\/#primaryimage","url":"https:\/\/www.machmakerdr.com\/wp-content\/uploads\/2022\/11\/tornillo-allen-1.png","contentUrl":"https:\/\/www.machmakerdr.com\/wp-content\/uploads\/2022\/11\/tornillo-allen-1.png","width":790,"height":500},{"@type":"BreadcrumbList","@id":"https:\/\/www.machmakerdr.com\/fr\/boutique\/vis-allen\/#breadcrumb","itemListElement":[{"@type":"ListItem","position":1,"name":"Portada","item":"https:\/\/www.machmakerdr.com\/fr\/"},{"@type":"ListItem","position":2,"name":"Shop","item":"https:\/\/www.machmakerdr.com\/tienda\/"},{"@type":"ListItem","position":3,"name":"Vis Allen"}]},{"@type":"WebSite","@id":"https:\/\/www.machmakerdr.com\/fr\/#website","url":"https:\/\/www.machmakerdr.com\/fr\/","name":"MachMaker","description":"Services industriels","publisher":{"@id":"https:\/\/www.machmakerdr.com\/fr\/#organization"},"potentialAction":[{"@type":"SearchAction","target":{"@type":"EntryPoint","urlTemplate":"https:\/\/www.machmakerdr.com\/fr\/?s={search_term_string}"},"query-input":{"@type":"PropertyValueSpecification","valueRequired":true,"valueName":"search_term_string"}}],"inLanguage":"fr-FR"},{"@type":"Organization","@id":"https:\/\/www.machmakerdr.com\/fr\/#organization","name":"MachMaker","url":"https:\/\/www.machmakerdr.com\/fr\/","logo":{"@type":"ImageObject","inLanguage":"fr-FR","@id":"https:\/\/www.machmakerdr.com\/fr\/#\/schema\/logo\/image\/","url":"https:\/\/www.machmakerdr.com\/wp-content\/uploads\/2020\/02\/Machmaker-Logo-horizontal_Mesa-de-trabajo-1-copia.png","contentUrl":"https:\/\/www.machmakerdr.com\/wp-content\/uploads\/2020\/02\/Machmaker-Logo-horizontal_Mesa-de-trabajo-1-copia.png","width":3300,"height":884,"caption":"MachMaker"},"image":{"@id":"https:\/\/www.machmakerdr.com\/fr\/#\/schema\/logo\/image\/"},"sameAs":["https:\/\/www.facebook.com\/machmaker.dr","https:\/\/www.instagram.com\/machmaker.dr\/"]}]}},"_links":{"self":[{"href":"https:\/\/www.machmakerdr.com\/fr\/wp-json\/wp\/v2\/product\/5639","targetHints":{"allow":["GET"]}}],"collection":[{"href":"https:\/\/www.machmakerdr.com\/fr\/wp-json\/wp\/v2\/product"}],"about":[{"href":"https:\/\/www.machmakerdr.com\/fr\/wp-json\/wp\/v2\/types\/product"}],"wp:featuredmedia":[{"embeddable":true,"href":"https:\/\/www.machmakerdr.com\/fr\/wp-json\/wp\/v2\/media\/4725"}],"wp:attachment":[{"href":"https:\/\/www.machmakerdr.com\/fr\/wp-json\/wp\/v2\/media?parent=5639"}],"wp:term":[{"taxonomy":"product_brand","embeddable":true,"href":"https:\/\/www.machmakerdr.com\/fr\/wp-json\/wp\/v2\/product_brand?post=5639"},{"taxonomy":"product_cat","embeddable":true,"href":"https:\/\/www.machmakerdr.com\/fr\/wp-json\/wp\/v2\/product_cat?post=5639"},{"taxonomy":"product_tag","embeddable":true,"href":"https:\/\/www.machmakerdr.com\/fr\/wp-json\/wp\/v2\/product_tag?post=5639"}],"curies":[{"name":"wp","href":"https:\/\/api.w.org\/{rel}","templated":true}]}}