{"id":5723,"date":"2022-11-10T17:06:41","date_gmt":"2022-11-10T17:06:41","guid":{"rendered":"https:\/\/machmakerdr.saturncube.com\/producto\/vis-allen-a-tete-fraisee\/"},"modified":"2023-01-16T10:08:05","modified_gmt":"2023-01-16T10:08:05","slug":"boulon-allen-countersunk","status":"publish","type":"product","link":"https:\/\/www.machmakerdr.com\/fr\/boutique\/boulon-allen-countersunk\/","title":{"rendered":"Vis Allen \u00e0 t\u00eate frais\u00e9e"},"content":{"rendered":"<ul class=\"a-unordered-list a-vertical a-spacing-mini\">\n<li><span class=\"a-list-item\">Large application : ce boulon \u00e0 t\u00eate frais\u00e9e peut \u00eatre utilis\u00e9 pour la r\u00e9paration et l&#8217;installation dans diverses occasions, telles que l&#8217;ameublement, l&#8217;\u00e9quipement, la maintenance de la production, les jouets, l&#8217;assemblage de machines et d&#8217;ordinateurs, etc., apportant plus de commodit\u00e9 \u00e0 la vie.<\/span><\/li>\n<li><span class=\"a-list-item\">Caract\u00e9ristiques du produit : les vis \u00e0 t\u00eate frais\u00e9e sont belles et pratiques, d&#8217;une grande duret\u00e9, sans d\u00e9formation. Les lignes sont nettes, claires et profondes. La surface est plate, lisse et bien faite.<\/span><\/li>\n<li><span class=\"a-list-item\">Sp\u00e9cifications : Vis en acier inoxydable ; tonalit\u00e9 argent\u00e9e.  <\/span><\/li>\n<\/ul>\n","protected":false},"excerpt":{"rendered":"<p>Large application : ce boulon \u00e0 t\u00eate frais\u00e9e peut \u00eatre utilis\u00e9 pour la r\u00e9paration et l&#8217;installation dans diverses occasions, telles que l&#8217;ameublement, l&#8217;\u00e9quipement, la maintenance de la production, les jouets, l&#8217;assemblage de machines et d&#8217;ordinateurs, etc., apportant plus de commodit\u00e9 \u00e0 la vie. Caract\u00e9ristiques du produit : les vis \u00e0 t\u00eate frais\u00e9e sont belles et [&hellip;]<\/p>\n","protected":false},"featured_media":4721,"template":"","meta":{"site-sidebar-layout":"default","site-content-layout":"default","ast-site-content-layout":"default","site-content-style":"default","site-sidebar-style":"default","ast-global-header-display":"","ast-banner-title-visibility":"","ast-main-header-display":"","ast-hfb-above-header-display":"","ast-hfb-below-header-display":"","ast-hfb-mobile-header-display":"","site-post-title":"","ast-breadcrumbs-content":"","ast-featured-img":"","footer-sml-layout":"","theme-transparent-header-meta":"default","adv-header-id-meta":"","stick-header-meta":"","header-above-stick-meta":"","header-main-stick-meta":"","header-below-stick-meta":"","astra-migrate-meta-layouts":"default","ast-page-background-enabled":"default","ast-page-background-meta":{"desktop":{"background-color":"var(--ast-global-color-4)","background-image":"","background-repeat":"repeat","background-position":"center center","background-size":"auto","background-attachment":"scroll","background-type":"","background-media":"","overlay-type":"","overlay-color":"","overlay-opacity":"","overlay-gradient":""},"tablet":{"background-color":"","background-image":"","background-repeat":"repeat","background-position":"center center","background-size":"auto","background-attachment":"scroll","background-type":"","background-media":"","overlay-type":"","overlay-color":"","overlay-opacity":"","overlay-gradient":""},"mobile":{"background-color":"","background-image":"","background-repeat":"repeat","background-position":"center center","background-size":"auto","background-attachment":"scroll","background-type":"","background-media":"","overlay-type":"","overlay-color":"","overlay-opacity":"","overlay-gradient":""}},"ast-content-background-meta":{"desktop":{"background-color":"var(--ast-global-color-5)","background-image":"","background-repeat":"repeat","background-position":"center center","background-size":"auto","background-attachment":"scroll","background-type":"","background-media":"","overlay-type":"","overlay-color":"","overlay-opacity":"","overlay-gradient":""},"tablet":{"background-color":"var(--ast-global-color-5)","background-image":"","background-repeat":"repeat","background-position":"center center","background-size":"auto","background-attachment":"scroll","background-type":"","background-media":"","overlay-type":"","overlay-color":"","overlay-opacity":"","overlay-gradient":""},"mobile":{"background-color":"var(--ast-global-color-5)","background-image":"","background-repeat":"repeat","background-position":"center center","background-size":"auto","background-attachment":"scroll","background-type":"","background-media":"","overlay-type":"","overlay-color":"","overlay-opacity":"","overlay-gradient":""}}},"product_brand":[],"product_cat":[150],"product_tag":[],"class_list":{"0":"post-5723","1":"product","2":"type-product","3":"status-publish","4":"has-post-thumbnail","6":"product_cat-tornilleria-fr","7":"desktop-align-left","8":"tablet-align-left","9":"mobile-align-left","11":"first","12":"instock","13":"taxable","14":"shipping-taxable","15":"purchasable","16":"product-type-variable","17":"has-default-attributes"},"yoast_head":"<!-- This site is optimized with the Yoast SEO plugin v25.5 - https:\/\/yoast.com\/wordpress\/plugins\/seo\/ -->\n<title>Vis Allen \u00e0 t\u00eate frais\u00e9e - MachMaker<\/title>\n<meta name=\"robots\" content=\"index, follow, max-snippet:-1, max-image-preview:large, max-video-preview:-1\" \/>\n<link rel=\"canonical\" href=\"https:\/\/www.machmakerdr.com\/fr\/boutique\/boulon-allen-countersunk\/\" \/>\n<meta property=\"og:locale\" content=\"fr_FR\" \/>\n<meta property=\"og:type\" content=\"article\" \/>\n<meta property=\"og:title\" content=\"Vis Allen \u00e0 t\u00eate frais\u00e9e - MachMaker\" \/>\n<meta property=\"og:description\" content=\"Large application : ce boulon \u00e0 t\u00eate frais\u00e9e peut \u00eatre utilis\u00e9 pour la r\u00e9paration et l&#8217;installation dans diverses occasions, telles que l&#8217;ameublement, l&#8217;\u00e9quipement, la maintenance de la production, les jouets, l&#8217;assemblage de machines et d&#8217;ordinateurs, etc., apportant plus de commodit\u00e9 \u00e0 la vie. Caract\u00e9ristiques du produit : les vis \u00e0 t\u00eate frais\u00e9e sont belles et [&hellip;]\" \/>\n<meta property=\"og:url\" content=\"https:\/\/www.machmakerdr.com\/fr\/boutique\/boulon-allen-countersunk\/\" \/>\n<meta property=\"og:site_name\" content=\"MachMaker\" \/>\n<meta property=\"article:publisher\" content=\"https:\/\/www.facebook.com\/machmaker.dr\" \/>\n<meta property=\"article:modified_time\" content=\"2023-01-16T10:08:05+00:00\" \/>\n<meta property=\"og:image\" content=\"https:\/\/www.machmakerdr.com\/wp-content\/uploads\/2022\/11\/tornillo-allen-avellanado-1.png\" \/>\n\t<meta property=\"og:image:width\" content=\"1000\" \/>\n\t<meta property=\"og:image:height\" content=\"745\" \/>\n\t<meta property=\"og:image:type\" content=\"image\/png\" \/>\n<meta name=\"twitter:card\" content=\"summary_large_image\" \/>\n<script type=\"application\/ld+json\" class=\"yoast-schema-graph\">{\"@context\":\"https:\/\/schema.org\",\"@graph\":[{\"@type\":\"WebPage\",\"@id\":\"https:\/\/www.machmakerdr.com\/fr\/boutique\/boulon-allen-countersunk\/\",\"url\":\"https:\/\/www.machmakerdr.com\/fr\/boutique\/boulon-allen-countersunk\/\",\"name\":\"Vis Allen \u00e0 t\u00eate frais\u00e9e - MachMaker\",\"isPartOf\":{\"@id\":\"https:\/\/www.machmakerdr.com\/fr\/#website\"},\"primaryImageOfPage\":{\"@id\":\"https:\/\/www.machmakerdr.com\/fr\/boutique\/boulon-allen-countersunk\/#primaryimage\"},\"image\":{\"@id\":\"https:\/\/www.machmakerdr.com\/fr\/boutique\/boulon-allen-countersunk\/#primaryimage\"},\"thumbnailUrl\":\"https:\/\/www.machmakerdr.com\/wp-content\/uploads\/2022\/11\/tornillo-allen-avellanado-1.png\",\"datePublished\":\"2022-11-10T17:06:41+00:00\",\"dateModified\":\"2023-01-16T10:08:05+00:00\",\"breadcrumb\":{\"@id\":\"https:\/\/www.machmakerdr.com\/fr\/boutique\/boulon-allen-countersunk\/#breadcrumb\"},\"inLanguage\":\"fr-FR\",\"potentialAction\":[{\"@type\":\"ReadAction\",\"target\":[\"https:\/\/www.machmakerdr.com\/fr\/boutique\/boulon-allen-countersunk\/\"]}]},{\"@type\":\"ImageObject\",\"inLanguage\":\"fr-FR\",\"@id\":\"https:\/\/www.machmakerdr.com\/fr\/boutique\/boulon-allen-countersunk\/#primaryimage\",\"url\":\"https:\/\/www.machmakerdr.com\/wp-content\/uploads\/2022\/11\/tornillo-allen-avellanado-1.png\",\"contentUrl\":\"https:\/\/www.machmakerdr.com\/wp-content\/uploads\/2022\/11\/tornillo-allen-avellanado-1.png\",\"width\":1000,\"height\":745},{\"@type\":\"BreadcrumbList\",\"@id\":\"https:\/\/www.machmakerdr.com\/fr\/boutique\/boulon-allen-countersunk\/#breadcrumb\",\"itemListElement\":[{\"@type\":\"ListItem\",\"position\":1,\"name\":\"Portada\",\"item\":\"https:\/\/www.machmakerdr.com\/fr\/\"},{\"@type\":\"ListItem\",\"position\":2,\"name\":\"Shop\",\"item\":\"https:\/\/www.machmakerdr.com\/tienda\/\"},{\"@type\":\"ListItem\",\"position\":3,\"name\":\"Vis Allen \u00e0 t\u00eate frais\u00e9e\"}]},{\"@type\":\"WebSite\",\"@id\":\"https:\/\/www.machmakerdr.com\/fr\/#website\",\"url\":\"https:\/\/www.machmakerdr.com\/fr\/\",\"name\":\"MachMaker\",\"description\":\"Services industriels\",\"publisher\":{\"@id\":\"https:\/\/www.machmakerdr.com\/fr\/#organization\"},\"potentialAction\":[{\"@type\":\"SearchAction\",\"target\":{\"@type\":\"EntryPoint\",\"urlTemplate\":\"https:\/\/www.machmakerdr.com\/fr\/?s={search_term_string}\"},\"query-input\":{\"@type\":\"PropertyValueSpecification\",\"valueRequired\":true,\"valueName\":\"search_term_string\"}}],\"inLanguage\":\"fr-FR\"},{\"@type\":\"Organization\",\"@id\":\"https:\/\/www.machmakerdr.com\/fr\/#organization\",\"name\":\"MachMaker\",\"url\":\"https:\/\/www.machmakerdr.com\/fr\/\",\"logo\":{\"@type\":\"ImageObject\",\"inLanguage\":\"fr-FR\",\"@id\":\"https:\/\/www.machmakerdr.com\/fr\/#\/schema\/logo\/image\/\",\"url\":\"https:\/\/www.machmakerdr.com\/wp-content\/uploads\/2020\/02\/Machmaker-Logo-horizontal_Mesa-de-trabajo-1-copia.png\",\"contentUrl\":\"https:\/\/www.machmakerdr.com\/wp-content\/uploads\/2020\/02\/Machmaker-Logo-horizontal_Mesa-de-trabajo-1-copia.png\",\"width\":3300,\"height\":884,\"caption\":\"MachMaker\"},\"image\":{\"@id\":\"https:\/\/www.machmakerdr.com\/fr\/#\/schema\/logo\/image\/\"},\"sameAs\":[\"https:\/\/www.facebook.com\/machmaker.dr\",\"https:\/\/www.instagram.com\/machmaker.dr\/\"]}]}<\/script>\n<!-- \/ Yoast SEO plugin. -->","yoast_head_json":{"title":"Vis Allen \u00e0 t\u00eate frais\u00e9e - MachMaker","robots":{"index":"index","follow":"follow","max-snippet":"max-snippet:-1","max-image-preview":"max-image-preview:large","max-video-preview":"max-video-preview:-1"},"canonical":"https:\/\/www.machmakerdr.com\/fr\/boutique\/boulon-allen-countersunk\/","og_locale":"fr_FR","og_type":"article","og_title":"Vis Allen \u00e0 t\u00eate frais\u00e9e - MachMaker","og_description":"Large application : ce boulon \u00e0 t\u00eate frais\u00e9e peut \u00eatre utilis\u00e9 pour la r\u00e9paration et l&#8217;installation dans diverses occasions, telles que l&#8217;ameublement, l&#8217;\u00e9quipement, la maintenance de la production, les jouets, l&#8217;assemblage de machines et d&#8217;ordinateurs, etc., apportant plus de commodit\u00e9 \u00e0 la vie. Caract\u00e9ristiques du produit : les vis \u00e0 t\u00eate frais\u00e9e sont belles et [&hellip;]","og_url":"https:\/\/www.machmakerdr.com\/fr\/boutique\/boulon-allen-countersunk\/","og_site_name":"MachMaker","article_publisher":"https:\/\/www.facebook.com\/machmaker.dr","article_modified_time":"2023-01-16T10:08:05+00:00","og_image":[{"width":1000,"height":745,"url":"https:\/\/www.machmakerdr.com\/wp-content\/uploads\/2022\/11\/tornillo-allen-avellanado-1.png","type":"image\/png"}],"twitter_card":"summary_large_image","schema":{"@context":"https:\/\/schema.org","@graph":[{"@type":"WebPage","@id":"https:\/\/www.machmakerdr.com\/fr\/boutique\/boulon-allen-countersunk\/","url":"https:\/\/www.machmakerdr.com\/fr\/boutique\/boulon-allen-countersunk\/","name":"Vis Allen \u00e0 t\u00eate frais\u00e9e - MachMaker","isPartOf":{"@id":"https:\/\/www.machmakerdr.com\/fr\/#website"},"primaryImageOfPage":{"@id":"https:\/\/www.machmakerdr.com\/fr\/boutique\/boulon-allen-countersunk\/#primaryimage"},"image":{"@id":"https:\/\/www.machmakerdr.com\/fr\/boutique\/boulon-allen-countersunk\/#primaryimage"},"thumbnailUrl":"https:\/\/www.machmakerdr.com\/wp-content\/uploads\/2022\/11\/tornillo-allen-avellanado-1.png","datePublished":"2022-11-10T17:06:41+00:00","dateModified":"2023-01-16T10:08:05+00:00","breadcrumb":{"@id":"https:\/\/www.machmakerdr.com\/fr\/boutique\/boulon-allen-countersunk\/#breadcrumb"},"inLanguage":"fr-FR","potentialAction":[{"@type":"ReadAction","target":["https:\/\/www.machmakerdr.com\/fr\/boutique\/boulon-allen-countersunk\/"]}]},{"@type":"ImageObject","inLanguage":"fr-FR","@id":"https:\/\/www.machmakerdr.com\/fr\/boutique\/boulon-allen-countersunk\/#primaryimage","url":"https:\/\/www.machmakerdr.com\/wp-content\/uploads\/2022\/11\/tornillo-allen-avellanado-1.png","contentUrl":"https:\/\/www.machmakerdr.com\/wp-content\/uploads\/2022\/11\/tornillo-allen-avellanado-1.png","width":1000,"height":745},{"@type":"BreadcrumbList","@id":"https:\/\/www.machmakerdr.com\/fr\/boutique\/boulon-allen-countersunk\/#breadcrumb","itemListElement":[{"@type":"ListItem","position":1,"name":"Portada","item":"https:\/\/www.machmakerdr.com\/fr\/"},{"@type":"ListItem","position":2,"name":"Shop","item":"https:\/\/www.machmakerdr.com\/tienda\/"},{"@type":"ListItem","position":3,"name":"Vis Allen \u00e0 t\u00eate frais\u00e9e"}]},{"@type":"WebSite","@id":"https:\/\/www.machmakerdr.com\/fr\/#website","url":"https:\/\/www.machmakerdr.com\/fr\/","name":"MachMaker","description":"Services industriels","publisher":{"@id":"https:\/\/www.machmakerdr.com\/fr\/#organization"},"potentialAction":[{"@type":"SearchAction","target":{"@type":"EntryPoint","urlTemplate":"https:\/\/www.machmakerdr.com\/fr\/?s={search_term_string}"},"query-input":{"@type":"PropertyValueSpecification","valueRequired":true,"valueName":"search_term_string"}}],"inLanguage":"fr-FR"},{"@type":"Organization","@id":"https:\/\/www.machmakerdr.com\/fr\/#organization","name":"MachMaker","url":"https:\/\/www.machmakerdr.com\/fr\/","logo":{"@type":"ImageObject","inLanguage":"fr-FR","@id":"https:\/\/www.machmakerdr.com\/fr\/#\/schema\/logo\/image\/","url":"https:\/\/www.machmakerdr.com\/wp-content\/uploads\/2020\/02\/Machmaker-Logo-horizontal_Mesa-de-trabajo-1-copia.png","contentUrl":"https:\/\/www.machmakerdr.com\/wp-content\/uploads\/2020\/02\/Machmaker-Logo-horizontal_Mesa-de-trabajo-1-copia.png","width":3300,"height":884,"caption":"MachMaker"},"image":{"@id":"https:\/\/www.machmakerdr.com\/fr\/#\/schema\/logo\/image\/"},"sameAs":["https:\/\/www.facebook.com\/machmaker.dr","https:\/\/www.instagram.com\/machmaker.dr\/"]}]}},"_links":{"self":[{"href":"https:\/\/www.machmakerdr.com\/fr\/wp-json\/wp\/v2\/product\/5723","targetHints":{"allow":["GET"]}}],"collection":[{"href":"https:\/\/www.machmakerdr.com\/fr\/wp-json\/wp\/v2\/product"}],"about":[{"href":"https:\/\/www.machmakerdr.com\/fr\/wp-json\/wp\/v2\/types\/product"}],"wp:featuredmedia":[{"embeddable":true,"href":"https:\/\/www.machmakerdr.com\/fr\/wp-json\/wp\/v2\/media\/4721"}],"wp:attachment":[{"href":"https:\/\/www.machmakerdr.com\/fr\/wp-json\/wp\/v2\/media?parent=5723"}],"wp:term":[{"taxonomy":"product_brand","embeddable":true,"href":"https:\/\/www.machmakerdr.com\/fr\/wp-json\/wp\/v2\/product_brand?post=5723"},{"taxonomy":"product_cat","embeddable":true,"href":"https:\/\/www.machmakerdr.com\/fr\/wp-json\/wp\/v2\/product_cat?post=5723"},{"taxonomy":"product_tag","embeddable":true,"href":"https:\/\/www.machmakerdr.com\/fr\/wp-json\/wp\/v2\/product_tag?post=5723"}],"curies":[{"name":"wp","href":"https:\/\/api.w.org\/{rel}","templated":true}]}}