{"id":6731,"date":"2023-01-23T17:42:32","date_gmt":"2023-01-23T17:42:32","guid":{"rendered":"https:\/\/www.machmakerdr.com\/?post_type=product&#038;p=6731"},"modified":"2023-05-18T16:55:14","modified_gmt":"2023-05-18T16:55:14","slug":"refractometro-de-refrigerante","status":"publish","type":"product","link":"https:\/\/www.machmakerdr.com\/zh-hans\/store\/refractometro-de-refrigerante\/","title":{"rendered":"REFRACT\u00d3METRO DE REFRIGERANTE"},"content":{"rendered":"<p>El refract\u00f3metro mide el punto de congelaci\u00f3n de los refrigerantes de autom\u00f3viles<br \/>\n(propilenglicol y etilenglicol) de 32\u00b0F a -60\u00b0F<br \/>\nTambi\u00e9n indica la gravedad espec\u00edfica del \u00e1cido de la bater\u00eda y proporciona una referencia r\u00e1pida<br \/>\nde la condici\u00f3n de carga de la bater\u00eda<br \/>\nSolo requiere una muestra de 2 o 3 gotas para lecturas r\u00e1pidas y precisas<br \/>\nLa compensaci\u00f3n autom\u00e1tica de temperatura proporciona resultados repetibles<br \/>\nViene completo con estuche de almacenamiento y un destornillador y vial de agua destilada<br \/>\nutilizado para la calibraci\u00f3n<\/p>\n","protected":false},"excerpt":{"rendered":"<p>El refract\u00f3metro de refrigerante es una herramienta imprescindible para mantener y garantizar la eficiencia de los sistemas de refrigeraci\u00f3n. Dise\u00f1ado para medir con precisi\u00f3n la concentraci\u00f3n de anticongelante y refrigerante en el l\u00edquido de enfriamiento del motor, este refract\u00f3metro te permite realizar f\u00e1cilmente pruebas r\u00e1pidas y precisas.<\/p>\n","protected":false},"featured_media":6369,"template":"","meta":{"site-sidebar-layout":"default","site-content-layout":"default","ast-site-content-layout":"default","site-content-style":"default","site-sidebar-style":"default","ast-global-header-display":"","ast-banner-title-visibility":"","ast-main-header-display":"","ast-hfb-above-header-display":"","ast-hfb-below-header-display":"","ast-hfb-mobile-header-display":"","site-post-title":"","ast-breadcrumbs-content":"","ast-featured-img":"","footer-sml-layout":"","theme-transparent-header-meta":"default","adv-header-id-meta":"","stick-header-meta":"","header-above-stick-meta":"","header-main-stick-meta":"","header-below-stick-meta":"","astra-migrate-meta-layouts":"default","ast-page-background-enabled":"default","ast-page-background-meta":{"desktop":{"background-color":"var(--ast-global-color-4)","background-image":"","background-repeat":"repeat","background-position":"center center","background-size":"auto","background-attachment":"scroll","background-type":"","background-media":"","overlay-type":"","overlay-color":"","overlay-opacity":"","overlay-gradient":""},"tablet":{"background-color":"","background-image":"","background-repeat":"repeat","background-position":"center center","background-size":"auto","background-attachment":"scroll","background-type":"","background-media":"","overlay-type":"","overlay-color":"","overlay-opacity":"","overlay-gradient":""},"mobile":{"background-color":"","background-image":"","background-repeat":"repeat","background-position":"center center","background-size":"auto","background-attachment":"scroll","background-type":"","background-media":"","overlay-type":"","overlay-color":"","overlay-opacity":"","overlay-gradient":""}},"ast-content-background-meta":{"desktop":{"background-color":"var(--ast-global-color-5)","background-image":"","background-repeat":"repeat","background-position":"center center","background-size":"auto","background-attachment":"scroll","background-type":"","background-media":"","overlay-type":"","overlay-color":"","overlay-opacity":"","overlay-gradient":""},"tablet":{"background-color":"var(--ast-global-color-5)","background-image":"","background-repeat":"repeat","background-position":"center center","background-size":"auto","background-attachment":"scroll","background-type":"","background-media":"","overlay-type":"","overlay-color":"","overlay-opacity":"","overlay-gradient":""},"mobile":{"background-color":"var(--ast-global-color-5)","background-image":"","background-repeat":"repeat","background-position":"center center","background-size":"auto","background-attachment":"scroll","background-type":"","background-media":"","overlay-type":"","overlay-color":"","overlay-opacity":"","overlay-gradient":""}}},"product_brand":[],"product_cat":[42,220,44],"product_tag":[],"class_list":{"0":"post-6731","1":"product","2":"type-product","3":"status-publish","4":"has-post-thumbnail","6":"product_cat-dasqua","7":"product_cat-more","8":"product_cat-other","9":"desktop-align-left","10":"tablet-align-left","11":"mobile-align-left","13":"first","14":"instock","15":"taxable","16":"shipping-taxable","17":"purchasable","18":"product-type-simple"},"yoast_head":"<!-- This site is optimized with the Yoast SEO plugin v25.5 - https:\/\/yoast.com\/wordpress\/plugins\/seo\/ -->\n<title>REFRACT\u00d3METRO DE REFRIGERANTE - \u673a\u5668\u5236\u9020\u5546<\/title>\n<meta name=\"description\" content=\"El refract\u00f3metro de refrigerante es una herramienta imprescindible para mantener y garantizar la eficiencia de los sistemas de refrigeraci\u00f3n.\" \/>\n<meta name=\"robots\" content=\"index, follow, max-snippet:-1, max-image-preview:large, max-video-preview:-1\" \/>\n<link rel=\"canonical\" href=\"https:\/\/www.machmakerdr.com\/zh-hans\/store\/refractometro-de-refrigerante\/\" \/>\n<meta property=\"og:locale\" content=\"zh_CN\" \/>\n<meta property=\"og:type\" content=\"article\" \/>\n<meta property=\"og:title\" content=\"REFRACT\u00d3METRO DE REFRIGERANTE - \u673a\u5668\u5236\u9020\u5546\" \/>\n<meta property=\"og:description\" content=\"El refract\u00f3metro de refrigerante es una herramienta imprescindible para mantener y garantizar la eficiencia de los sistemas de refrigeraci\u00f3n.\" \/>\n<meta property=\"og:url\" content=\"https:\/\/www.machmakerdr.com\/zh-hans\/store\/refractometro-de-refrigerante\/\" \/>\n<meta property=\"og:site_name\" content=\"\u673a\u5668\u5236\u9020\u5546\" \/>\n<meta property=\"article:publisher\" content=\"https:\/\/www.facebook.com\/machmaker.dr\" \/>\n<meta property=\"article:modified_time\" content=\"2023-05-18T16:55:14+00:00\" \/>\n<meta property=\"og:image\" content=\"https:\/\/www.machmakerdr.com\/wp-content\/uploads\/2023\/01\/36.png\" \/>\n\t<meta property=\"og:image:width\" content=\"1080\" \/>\n\t<meta property=\"og:image:height\" content=\"1080\" \/>\n\t<meta property=\"og:image:type\" content=\"image\/png\" \/>\n<meta name=\"twitter:card\" content=\"summary_large_image\" \/>\n<meta name=\"twitter:label1\" content=\"Est. reading time\" \/>\n\t<meta name=\"twitter:data1\" content=\"1 minute\" \/>\n<script type=\"application\/ld+json\" class=\"yoast-schema-graph\">{\"@context\":\"https:\/\/schema.org\",\"@graph\":[{\"@type\":\"WebPage\",\"@id\":\"https:\/\/www.machmakerdr.com\/zh-hans\/store\/refractometro-de-refrigerante\/\",\"url\":\"https:\/\/www.machmakerdr.com\/zh-hans\/store\/refractometro-de-refrigerante\/\",\"name\":\"REFRACT\u00d3METRO DE REFRIGERANTE - \u673a\u5668\u5236\u9020\u5546\",\"isPartOf\":{\"@id\":\"https:\/\/www.machmakerdr.com\/zh-hans\/#website\"},\"primaryImageOfPage\":{\"@id\":\"https:\/\/www.machmakerdr.com\/zh-hans\/store\/refractometro-de-refrigerante\/#primaryimage\"},\"image\":{\"@id\":\"https:\/\/www.machmakerdr.com\/zh-hans\/store\/refractometro-de-refrigerante\/#primaryimage\"},\"thumbnailUrl\":\"https:\/\/www.machmakerdr.com\/wp-content\/uploads\/2023\/01\/36.png\",\"datePublished\":\"2023-01-23T17:42:32+00:00\",\"dateModified\":\"2023-05-18T16:55:14+00:00\",\"description\":\"El refract\u00f3metro de refrigerante es una herramienta imprescindible para mantener y garantizar la eficiencia de los sistemas de refrigeraci\u00f3n.\",\"breadcrumb\":{\"@id\":\"https:\/\/www.machmakerdr.com\/zh-hans\/store\/refractometro-de-refrigerante\/#breadcrumb\"},\"inLanguage\":\"zh-CN\",\"potentialAction\":[{\"@type\":\"ReadAction\",\"target\":[\"https:\/\/www.machmakerdr.com\/zh-hans\/store\/refractometro-de-refrigerante\/\"]}]},{\"@type\":\"ImageObject\",\"inLanguage\":\"zh-CN\",\"@id\":\"https:\/\/www.machmakerdr.com\/zh-hans\/store\/refractometro-de-refrigerante\/#primaryimage\",\"url\":\"https:\/\/www.machmakerdr.com\/wp-content\/uploads\/2023\/01\/36.png\",\"contentUrl\":\"https:\/\/www.machmakerdr.com\/wp-content\/uploads\/2023\/01\/36.png\",\"width\":1080,\"height\":1080},{\"@type\":\"BreadcrumbList\",\"@id\":\"https:\/\/www.machmakerdr.com\/zh-hans\/store\/refractometro-de-refrigerante\/#breadcrumb\",\"itemListElement\":[{\"@type\":\"ListItem\",\"position\":1,\"name\":\"Portada\",\"item\":\"https:\/\/www.machmakerdr.com\/zh-hans\/\"},{\"@type\":\"ListItem\",\"position\":2,\"name\":\"Shop\",\"item\":\"https:\/\/www.machmakerdr.com\/tienda\/\"},{\"@type\":\"ListItem\",\"position\":3,\"name\":\"REFRACT\u00d3METRO DE REFRIGERANTE\"}]},{\"@type\":\"WebSite\",\"@id\":\"https:\/\/www.machmakerdr.com\/zh-hans\/#website\",\"url\":\"https:\/\/www.machmakerdr.com\/zh-hans\/\",\"name\":\"\u673a\u5668\u5236\u9020\u5546\",\"description\":\"\u4ea7\u4e1a\u670d\u52a1\",\"publisher\":{\"@id\":\"https:\/\/www.machmakerdr.com\/zh-hans\/#organization\"},\"potentialAction\":[{\"@type\":\"SearchAction\",\"target\":{\"@type\":\"EntryPoint\",\"urlTemplate\":\"https:\/\/www.machmakerdr.com\/zh-hans\/?s={search_term_string}\"},\"query-input\":{\"@type\":\"PropertyValueSpecification\",\"valueRequired\":true,\"valueName\":\"search_term_string\"}}],\"inLanguage\":\"zh-CN\"},{\"@type\":\"Organization\",\"@id\":\"https:\/\/www.machmakerdr.com\/zh-hans\/#organization\",\"name\":\"\u673a\u5668\u5236\u9020\u5546\",\"url\":\"https:\/\/www.machmakerdr.com\/zh-hans\/\",\"logo\":{\"@type\":\"ImageObject\",\"inLanguage\":\"zh-CN\",\"@id\":\"https:\/\/www.machmakerdr.com\/zh-hans\/#\/schema\/logo\/image\/\",\"url\":\"https:\/\/www.machmakerdr.com\/wp-content\/uploads\/2020\/02\/Machmaker-Logo-horizontal_Mesa-de-trabajo-1-copia.png\",\"contentUrl\":\"https:\/\/www.machmakerdr.com\/wp-content\/uploads\/2020\/02\/Machmaker-Logo-horizontal_Mesa-de-trabajo-1-copia.png\",\"width\":3300,\"height\":884,\"caption\":\"\u673a\u5668\u5236\u9020\u5546\"},\"image\":{\"@id\":\"https:\/\/www.machmakerdr.com\/zh-hans\/#\/schema\/logo\/image\/\"},\"sameAs\":[\"https:\/\/www.facebook.com\/machmaker.dr\",\"https:\/\/www.instagram.com\/machmaker.dr\/\"]}]}<\/script>\n<!-- \/ Yoast SEO plugin. -->","yoast_head_json":{"title":"REFRACT\u00d3METRO DE REFRIGERANTE - \u673a\u5668\u5236\u9020\u5546","description":"El refract\u00f3metro de refrigerante es una herramienta imprescindible para mantener y garantizar la eficiencia de los sistemas de refrigeraci\u00f3n.","robots":{"index":"index","follow":"follow","max-snippet":"max-snippet:-1","max-image-preview":"max-image-preview:large","max-video-preview":"max-video-preview:-1"},"canonical":"https:\/\/www.machmakerdr.com\/zh-hans\/store\/refractometro-de-refrigerante\/","og_locale":"zh_CN","og_type":"article","og_title":"REFRACT\u00d3METRO DE REFRIGERANTE - \u673a\u5668\u5236\u9020\u5546","og_description":"El refract\u00f3metro de refrigerante es una herramienta imprescindible para mantener y garantizar la eficiencia de los sistemas de refrigeraci\u00f3n.","og_url":"https:\/\/www.machmakerdr.com\/zh-hans\/store\/refractometro-de-refrigerante\/","og_site_name":"\u673a\u5668\u5236\u9020\u5546","article_publisher":"https:\/\/www.facebook.com\/machmaker.dr","article_modified_time":"2023-05-18T16:55:14+00:00","og_image":[{"width":1080,"height":1080,"url":"https:\/\/www.machmakerdr.com\/wp-content\/uploads\/2023\/01\/36.png","type":"image\/png"}],"twitter_card":"summary_large_image","twitter_misc":{"Est. reading time":"1 minute"},"schema":{"@context":"https:\/\/schema.org","@graph":[{"@type":"WebPage","@id":"https:\/\/www.machmakerdr.com\/zh-hans\/store\/refractometro-de-refrigerante\/","url":"https:\/\/www.machmakerdr.com\/zh-hans\/store\/refractometro-de-refrigerante\/","name":"REFRACT\u00d3METRO DE REFRIGERANTE - \u673a\u5668\u5236\u9020\u5546","isPartOf":{"@id":"https:\/\/www.machmakerdr.com\/zh-hans\/#website"},"primaryImageOfPage":{"@id":"https:\/\/www.machmakerdr.com\/zh-hans\/store\/refractometro-de-refrigerante\/#primaryimage"},"image":{"@id":"https:\/\/www.machmakerdr.com\/zh-hans\/store\/refractometro-de-refrigerante\/#primaryimage"},"thumbnailUrl":"https:\/\/www.machmakerdr.com\/wp-content\/uploads\/2023\/01\/36.png","datePublished":"2023-01-23T17:42:32+00:00","dateModified":"2023-05-18T16:55:14+00:00","description":"El refract\u00f3metro de refrigerante es una herramienta imprescindible para mantener y garantizar la eficiencia de los sistemas de refrigeraci\u00f3n.","breadcrumb":{"@id":"https:\/\/www.machmakerdr.com\/zh-hans\/store\/refractometro-de-refrigerante\/#breadcrumb"},"inLanguage":"zh-CN","potentialAction":[{"@type":"ReadAction","target":["https:\/\/www.machmakerdr.com\/zh-hans\/store\/refractometro-de-refrigerante\/"]}]},{"@type":"ImageObject","inLanguage":"zh-CN","@id":"https:\/\/www.machmakerdr.com\/zh-hans\/store\/refractometro-de-refrigerante\/#primaryimage","url":"https:\/\/www.machmakerdr.com\/wp-content\/uploads\/2023\/01\/36.png","contentUrl":"https:\/\/www.machmakerdr.com\/wp-content\/uploads\/2023\/01\/36.png","width":1080,"height":1080},{"@type":"BreadcrumbList","@id":"https:\/\/www.machmakerdr.com\/zh-hans\/store\/refractometro-de-refrigerante\/#breadcrumb","itemListElement":[{"@type":"ListItem","position":1,"name":"Portada","item":"https:\/\/www.machmakerdr.com\/zh-hans\/"},{"@type":"ListItem","position":2,"name":"Shop","item":"https:\/\/www.machmakerdr.com\/tienda\/"},{"@type":"ListItem","position":3,"name":"REFRACT\u00d3METRO DE REFRIGERANTE"}]},{"@type":"WebSite","@id":"https:\/\/www.machmakerdr.com\/zh-hans\/#website","url":"https:\/\/www.machmakerdr.com\/zh-hans\/","name":"\u673a\u5668\u5236\u9020\u5546","description":"\u4ea7\u4e1a\u670d\u52a1","publisher":{"@id":"https:\/\/www.machmakerdr.com\/zh-hans\/#organization"},"potentialAction":[{"@type":"SearchAction","target":{"@type":"EntryPoint","urlTemplate":"https:\/\/www.machmakerdr.com\/zh-hans\/?s={search_term_string}"},"query-input":{"@type":"PropertyValueSpecification","valueRequired":true,"valueName":"search_term_string"}}],"inLanguage":"zh-CN"},{"@type":"Organization","@id":"https:\/\/www.machmakerdr.com\/zh-hans\/#organization","name":"\u673a\u5668\u5236\u9020\u5546","url":"https:\/\/www.machmakerdr.com\/zh-hans\/","logo":{"@type":"ImageObject","inLanguage":"zh-CN","@id":"https:\/\/www.machmakerdr.com\/zh-hans\/#\/schema\/logo\/image\/","url":"https:\/\/www.machmakerdr.com\/wp-content\/uploads\/2020\/02\/Machmaker-Logo-horizontal_Mesa-de-trabajo-1-copia.png","contentUrl":"https:\/\/www.machmakerdr.com\/wp-content\/uploads\/2020\/02\/Machmaker-Logo-horizontal_Mesa-de-trabajo-1-copia.png","width":3300,"height":884,"caption":"\u673a\u5668\u5236\u9020\u5546"},"image":{"@id":"https:\/\/www.machmakerdr.com\/zh-hans\/#\/schema\/logo\/image\/"},"sameAs":["https:\/\/www.facebook.com\/machmaker.dr","https:\/\/www.instagram.com\/machmaker.dr\/"]}]}},"_links":{"self":[{"href":"https:\/\/www.machmakerdr.com\/zh-hans\/wp-json\/wp\/v2\/product\/6731","targetHints":{"allow":["GET"]}}],"collection":[{"href":"https:\/\/www.machmakerdr.com\/zh-hans\/wp-json\/wp\/v2\/product"}],"about":[{"href":"https:\/\/www.machmakerdr.com\/zh-hans\/wp-json\/wp\/v2\/types\/product"}],"wp:featuredmedia":[{"embeddable":true,"href":"https:\/\/www.machmakerdr.com\/zh-hans\/wp-json\/wp\/v2\/media\/6369"}],"wp:attachment":[{"href":"https:\/\/www.machmakerdr.com\/zh-hans\/wp-json\/wp\/v2\/media?parent=6731"}],"wp:term":[{"taxonomy":"product_brand","embeddable":true,"href":"https:\/\/www.machmakerdr.com\/zh-hans\/wp-json\/wp\/v2\/product_brand?post=6731"},{"taxonomy":"product_cat","embeddable":true,"href":"https:\/\/www.machmakerdr.com\/zh-hans\/wp-json\/wp\/v2\/product_cat?post=6731"},{"taxonomy":"product_tag","embeddable":true,"href":"https:\/\/www.machmakerdr.com\/zh-hans\/wp-json\/wp\/v2\/product_tag?post=6731"}],"curies":[{"name":"wp","href":"https:\/\/api.w.org\/{rel}","templated":true}]}}